{"id":637,"date":"2015-03-27T23:53:01","date_gmt":"2015-03-27T23:53:01","guid":{"rendered":"https:\/\/schulzrentabike.com\/?page_id=637"},"modified":"2019-04-11T16:59:46","modified_gmt":"2019-04-11T16:59:46","slug":"novedades","status":"publish","type":"page","link":"https:\/\/schulzrentabike.com\/?page_id=637","title":{"rendered":"Novedades 2015"},"content":{"rendered":"<p><\/p>\n<h2><img loading=\"lazy\" decoding=\"async\" class=\" size-full wp-image-729 alignnone\" src=\"https:\/\/schulzrentabike.com\/wp-content\/uploads\/2015\/03\/eicmalogo-nodates.png\" alt=\"eicmalogo-nodates\" width=\"389\" height=\"79\" \/><\/h2>\n<h2>NOVEDADES 2015<\/h2>\n<p>Las primeras y la \u00fanicas en la zona de Levante. Presentadas el 4 de Noviembre del 2014, en el<br \/>\nsal\u00f3n de motos m\u00e1s grande del mundo, EICMA.<\/p>\n<table style=\"height: 152px;\" width=\"699\">\n<tbody>\n<tr>\n<td>\n<h3><img loading=\"lazy\" decoding=\"async\" class=\"alignleft wp-image-727 size-medium\" src=\"https:\/\/schulzrentabike.com\/wp-content\/uploads\/2015\/03\/09-Caponord-1200-461x400.jpg\" alt=\"09 Caponord 1200\" width=\"461\" height=\"400\" \/><\/h3>\n<\/td>\n<td style=\"text-align: center; vertical-align: middle;\">\n<h3>Aprilia Caponord Travel Pack ABS 1200<\/h3>\n<p>En total solo 3 en la isla. La \u00fanica de alquiler.<br \/>\nLa \u00fanica de color rojo y la \u00fanica con el Travel<br \/>\npack y ABS. <span style=\"color: #ff0000;\">NO PODR\u00c1S RESISTIRTE.<\/span><\/td>\n<\/tr>\n<tr>\n<td>\n<h3><img loading=\"lazy\" decoding=\"async\" class=\" size-medium wp-image-724 alignleft\" src=\"https:\/\/schulzrentabike.com\/wp-content\/uploads\/2015\/03\/IMG_4180-500x333.jpg\" alt=\"IMG_4180\" width=\"500\" height=\"333\" srcset=\"https:\/\/schulzrentabike.com\/wp-content\/uploads\/2015\/03\/IMG_4180-500x333.jpg 500w, https:\/\/schulzrentabike.com\/wp-content\/uploads\/2015\/03\/IMG_4180-750x500.jpg 750w\" sizes=\"auto, (max-width: 500px) 100vw, 500px\" \/><\/h3>\n<\/td>\n<td style=\"text-align: center; vertical-align: middle;\">\n<h3>Aprilia Shiver 750<\/h3>\n<p>Se busca gente para estrenar Aprilia. Que<br \/>\nesperas? <span style=\"color: #ff0000;\">1, 2, 3\u2026<\/span><\/td>\n<\/tr>\n<tr>\n<td>\n<h3><img loading=\"lazy\" decoding=\"async\" class=\" size-medium wp-image-726 alignleft\" src=\"https:\/\/schulzrentabike.com\/wp-content\/uploads\/2015\/03\/02_GILERA-FUOCO-500-bianco-Luna-3-4-ant-sx-500x357.jpg\" alt=\"02_GILERA FUOCO 500 bianco Luna 3-4 ant sx\" width=\"500\" height=\"357\" srcset=\"https:\/\/schulzrentabike.com\/wp-content\/uploads\/2015\/03\/02_GILERA-FUOCO-500-bianco-Luna-3-4-ant-sx-500x357.jpg 500w, https:\/\/schulzrentabike.com\/wp-content\/uploads\/2015\/03\/02_GILERA-FUOCO-500-bianco-Luna-3-4-ant-sx-700x500.jpg 700w\" sizes=\"auto, (max-width: 500px) 100vw, 500px\" \/><\/h3>\n<\/td>\n<td style=\"text-align: center; vertical-align: middle;\">\n<h3>Gilera Fuoco 500<\/h3>\n<p>La primera de color blanco en Espa\u00f1a,<br \/>\nprimera en Mallorca, disponible en Schulz and<br \/>\nJunior. Hasta que el vecino envidioso de<br \/>\nsiempre compre una. <span style=\"color: #ff0000;\">ALREDEDOR SOLO<\/span><br \/>\n<span style=\"color: #ff0000;\"> TIERRA QUEMADA<\/span><\/td>\n<\/tr>\n<tr>\n<td>\n<h3><img loading=\"lazy\" decoding=\"async\" class=\" size-medium wp-image-725 alignleft\" src=\"https:\/\/schulzrentabike.com\/wp-content\/uploads\/2015\/03\/Z300-Green-500x375.jpg\" alt=\"Z300 Green\" width=\"500\" height=\"375\" srcset=\"https:\/\/schulzrentabike.com\/wp-content\/uploads\/2015\/03\/Z300-Green-500x375.jpg 500w, https:\/\/schulzrentabike.com\/wp-content\/uploads\/2015\/03\/Z300-Green-666x500.jpg 666w\" sizes=\"auto, (max-width: 500px) 100vw, 500px\" \/><\/h3>\n<\/td>\n<td style=\"text-align: center; vertical-align: middle;\">\n<h3>Kawasaki Z300<\/h3>\n<p>La primera en Espa\u00f1a. Iba con destino a<br \/>\nMadrid, y ya no lleg\u00f3. Esper\u00e1ndote en Cala<br \/>\nRatjada para ser <span style=\"color: #ff0000;\">DOMADA!<\/span><\/td>\n<\/tr>\n<tr>\n<td>\n<h3><img loading=\"lazy\" decoding=\"async\" class=\" size-medium wp-image-728 alignleft\" src=\"https:\/\/schulzrentabike.com\/wp-content\/uploads\/2015\/03\/2014-Yamaha-MT125-EU-Anodized-Red-Studio-001-500x281.jpg\" alt=\"2014-Yamaha-MT125-EU-Anodized-Red-Studio-001\" width=\"500\" height=\"281\" srcset=\"https:\/\/schulzrentabike.com\/wp-content\/uploads\/2015\/03\/2014-Yamaha-MT125-EU-Anodized-Red-Studio-001-500x281.jpg 500w, https:\/\/schulzrentabike.com\/wp-content\/uploads\/2015\/03\/2014-Yamaha-MT125-EU-Anodized-Red-Studio-001-889x500.jpg 889w, https:\/\/schulzrentabike.com\/wp-content\/uploads\/2015\/03\/2014-Yamaha-MT125-EU-Anodized-Red-Studio-001.jpg 1920w\" sizes=\"auto, (max-width: 500px) 100vw, 500px\" \/><\/h3>\n<\/td>\n<td style=\"text-align: center; vertical-align: middle;\">\n<h3>Yamaha MT 125<\/h3>\n<p>La primera en Rojo Burdeos en la isla.<br \/>\n\u00danica en Cala Ratjada!! Lista y<br \/>\nesper\u00e1ndote. <span style=\"color: #ff0000;\">GAS<\/span><\/td>\n<\/tr>\n<\/tbody>\n<\/table>\n<p><\/p>","protected":false},"excerpt":{"rendered":"<p>NOVEDADES 2015 Las primeras y la \u00fanicas en la zona de Levante. Presentadas el 4 de Noviembre del 2014, en el sal\u00f3n de motos m\u00e1s grande del mundo, EICMA. Aprilia Caponord Travel Pack ABS 1200 En total solo 3 en<\/p>\n","protected":false},"author":1,"featured_media":0,"parent":1929,"menu_order":0,"comment_status":"closed","ping_status":"closed","template":"","meta":{"footnotes":""},"class_list":["post-637","page","type-page","status-publish","hentry"],"_links":{"self":[{"href":"https:\/\/schulzrentabike.com\/index.php?rest_route=\/wp\/v2\/pages\/637","targetHints":{"allow":["GET"]}}],"collection":[{"href":"https:\/\/schulzrentabike.com\/index.php?rest_route=\/wp\/v2\/pages"}],"about":[{"href":"https:\/\/schulzrentabike.com\/index.php?rest_route=\/wp\/v2\/types\/page"}],"author":[{"embeddable":true,"href":"https:\/\/schulzrentabike.com\/index.php?rest_route=\/wp\/v2\/users\/1"}],"replies":[{"embeddable":true,"href":"https:\/\/schulzrentabike.com\/index.php?rest_route=%2Fwp%2Fv2%2Fcomments&post=637"}],"version-history":[{"count":14,"href":"https:\/\/schulzrentabike.com\/index.php?rest_route=\/wp\/v2\/pages\/637\/revisions"}],"predecessor-version":[{"id":1204,"href":"https:\/\/schulzrentabike.com\/index.php?rest_route=\/wp\/v2\/pages\/637\/revisions\/1204"}],"up":[{"embeddable":true,"href":"https:\/\/schulzrentabike.com\/index.php?rest_route=\/wp\/v2\/pages\/1929"}],"wp:attachment":[{"href":"https:\/\/schulzrentabike.com\/index.php?rest_route=%2Fwp%2Fv2%2Fmedia&parent=637"}],"curies":[{"name":"wp","href":"https:\/\/api.w.org\/{rel}","templated":true}]}}