{"id":593,"date":"2015-02-09T19:26:09","date_gmt":"2015-02-09T19:26:09","guid":{"rendered":"https:\/\/schulzrentabike.com\/?page_id=593"},"modified":"2026-03-24T13:35:33","modified_gmt":"2026-03-24T13:35:33","slug":"aprilia-caponord-1200-travel","status":"publish","type":"page","link":"https:\/\/schulzrentabike.com\/?page_id=593","title":{"rendered":"Aprilia Caponord 1200 Travel Pack"},"content":{"rendered":"<p><img loading=\"lazy\" decoding=\"async\" class=\"alignnone wp-image-791 size-full\" src=\"https:\/\/schulzrentabike.com\/wp-content\/uploads\/2014\/10\/aprilia.png\" alt=\"Aprilia Cala Ratjada\" width=\"180\" height=\"57\" \/><br \/>\n<a title=\"Motos\" href=\"https:\/\/schulzrentabike.com\/?page_id=17\"><img loading=\"lazy\" decoding=\"async\" class=\"size-full wp-image-217 alignleft\" src=\"https:\/\/schulzrentabike.com\/wp-content\/uploads\/2014\/10\/menue.png\" alt=\"menue\" width=\"108\" height=\"50\" \/><\/a><\/p>\n\n\t\t<div id='gallery-3' class='gallery galleryid-593 gallery-columns-4 gallery-size-130 gallery1'><script type=\"text\/javascript\">\r\n\/\/ <![CDATA[\r\n\tjQuery(document).ready(function () {\r\n\t\tjQuery(\".gallery1 a\").attr(\"rel\",\"gallery1\");\t\r\n\t\tjQuery('a[rel=\"gallery1\"]').colorbox({maxWidth:\"95%\", maxHeight:\"95%\",title: function(){ return jQuery(this).children().attr(\"alt\"); }, });\r\n\t});\r\n\/\/ ]]>\r\n<\/script>\n<dl class=\"gallery-item\">\n<dt class=\"gallery-icon\">\r\n<a href=\"https:\/\/schulzrentabike.com\/wp-content\/uploads\/2015\/02\/aprilia-caponord-1200-1.jpg\" title=\"\" rel=\"gallery1\"><img loading=\"lazy\" decoding=\"async\" src=\"https:\/\/schulzrentabike.com\/wp-content\/uploads\/2015\/02\/aprilia-caponord-1200-1.jpg\" width=\"700\" height=\"441\" alt=\"\" \/><\/a>\r\n<\/dt><\/dl><dl class=\"gallery-item\">\n<dt class=\"gallery-icon\">\r\n<a href=\"https:\/\/schulzrentabike.com\/wp-content\/uploads\/2015\/02\/aprilia-caponord-1200-2.jpg\" title=\"\" rel=\"gallery1\"><img loading=\"lazy\" decoding=\"async\" src=\"https:\/\/schulzrentabike.com\/wp-content\/uploads\/2015\/02\/aprilia-caponord-1200-2.jpg\" width=\"700\" height=\"467\" alt=\"\" \/><\/a>\r\n<\/dt><\/dl><dl class=\"gallery-item\">\n<dt class=\"gallery-icon\">\r\n<a href=\"https:\/\/schulzrentabike.com\/wp-content\/uploads\/2015\/02\/aprilia-caponord-1200-3.jpeg\" title=\"\" rel=\"gallery1\"><img loading=\"lazy\" decoding=\"async\" src=\"https:\/\/schulzrentabike.com\/wp-content\/uploads\/2015\/02\/aprilia-caponord-1200-3.jpeg\" width=\"700\" height=\"466\" alt=\"\" \/><\/a>\r\n<\/dt><\/dl>\r\n\t\t\t<br style='clear: both' \/>\r\n\t\t<\/div>\n\n<p><span style=\"color: #303030;\">\u00a0<\/span><\/p>\n<div id=\"eyCatcher\" style=\"background-image: url('https:\/\/schulzrentabike.com\/wp-content\/themes\/accelerate\/images\/bg_aprilia.jpg'); border: 1px solid black; color: #ffffff;\">\n<p><b>El balance perfecto entre la comodidad y lo deportivo<\/b><\/p>\n<p>La Caponord 1200 ABS Travel Pack es la mejor de Aprilia, hablando en t\u00e9rminos<br \/>\nde tecnolog\u00eda; la diversi\u00f3n y confort alcanzan un punto perfecto de equilibrio entre<br \/>\nel deporte y la comodidad que tantos motociclistas de hoy en d\u00eda anhelamos.<\/p>\n<p>Es la motocicleta perfecta para viajar, divertirse y para el d\u00eda a d\u00eda de uso, r\u00e1pida y<br \/>\ndivertida fuera de la ciudad gracias a la abundante energ\u00eda de su motor de dos<br \/>\ncilindros, muy c\u00f3moda tanto para el conductor y el pasajero cuando gira gracias a<br \/>\nla disposici\u00f3n ergon\u00f3mica estudiada y para la protecci\u00f3n del flujo de aire, la Aprilia<br \/>\nCaponord 1200 ABS Travel Pack incluye la electr\u00f3nica de serie m\u00e1s completa y<br \/>\nsofisticada sistema de control disponible en la actualidad.<\/p>\n<\/div>\n<table border=\"0\" width=\"475\" cellspacing=\"0\" cellpadding=\"0\" align=\"left\">\n<tbody>\n<tr>\n<td bgcolor=\"#eae9e9\"><span style=\"color: #000;\"><strong>1 d\u00eda<\/strong><\/span><\/td>\n<td bgcolor=\"#eae9e9\"><span style=\"color: #000;\"><strong>3 d\u00edas<\/strong><\/span><\/td>\n<td bgcolor=\"#eae9e9\"><span style=\"color: #000;\"><strong>7 d\u00edas<\/strong><\/span><\/td>\n<\/tr>\n<tr>\n<td bgcolor=\"#e54c34\"><span style=\"color: #fff;\"><strong>80\u20ac<\/strong><\/span><\/td>\n<td bgcolor=\"#e54c34\"><span style=\"color: #fff;\"><strong>220\u20ac<\/strong><\/span><\/td>\n<td bgcolor=\"#e54c34\"><span style=\"color: #fff;\"><strong>480\u20ac<\/strong><\/span><\/td>\n<\/tr>\n<\/tbody>\n<\/table>\n<table border=\"0\" width=\"475\" cellspacing=\"0\" cellpadding=\"0\">\n<tbody>\n<tr>\n<td bgcolor=\"#eae9e9\" width=\"162\"><strong>Consumo<\/strong><\/td>\n<td bgcolor=\"#eae9e9\" width=\"142\">7.4 l.\/100 km<\/td>\n<\/tr>\n<tr>\n<td bgcolor=\"#ffffff\" width=\"162\"><strong>Autonom\u00eda<\/strong><\/td>\n<td bgcolor=\"#ffffff\" width=\"142\">300 km<\/td>\n<\/tr>\n<tr>\n<td bgcolor=\"#eae9e9\" width=\"162\"><strong>Peso total lleno<\/strong><\/td>\n<td bgcolor=\"#eae9e9\" width=\"142\">214 Kg<\/td>\n<\/tr>\n<tr>\n<td bgcolor=\"#ffffff\" width=\"162\"><strong>Potencia M\u00e1xima<\/strong><\/td>\n<td bgcolor=\"#ffffff\" width=\"142\">125 CV a 8.250 rpm<\/td>\n<\/tr>\n<tr>\n<td bgcolor=\"#eae9e9\" width=\"162\"><strong>Dep\u00f3sito<\/strong><\/td>\n<td bgcolor=\"#eae9e9\" width=\"142\">24 l.<\/td>\n<\/tr>\n<\/tbody>\n<\/table>\n<p><\/p>","protected":false},"excerpt":{"rendered":"<p>\u00a0 El balance perfecto entre la comodidad y lo deportivo La Caponord 1200 ABS Travel Pack es la mejor de Aprilia, hablando en t\u00e9rminos de tecnolog\u00eda; la diversi\u00f3n y confort alcanzan un punto perfecto de equilibrio entre el deporte y<\/p>\n","protected":false},"author":1,"featured_media":0,"parent":17,"menu_order":0,"comment_status":"closed","ping_status":"closed","template":"","meta":{"footnotes":""},"class_list":["post-593","page","type-page","status-publish","hentry"],"_links":{"self":[{"href":"https:\/\/schulzrentabike.com\/index.php?rest_route=\/wp\/v2\/pages\/593","targetHints":{"allow":["GET"]}}],"collection":[{"href":"https:\/\/schulzrentabike.com\/index.php?rest_route=\/wp\/v2\/pages"}],"about":[{"href":"https:\/\/schulzrentabike.com\/index.php?rest_route=\/wp\/v2\/types\/page"}],"author":[{"embeddable":true,"href":"https:\/\/schulzrentabike.com\/index.php?rest_route=\/wp\/v2\/users\/1"}],"replies":[{"embeddable":true,"href":"https:\/\/schulzrentabike.com\/index.php?rest_route=%2Fwp%2Fv2%2Fcomments&post=593"}],"version-history":[{"count":42,"href":"https:\/\/schulzrentabike.com\/index.php?rest_route=\/wp\/v2\/pages\/593\/revisions"}],"predecessor-version":[{"id":3175,"href":"https:\/\/schulzrentabike.com\/index.php?rest_route=\/wp\/v2\/pages\/593\/revisions\/3175"}],"up":[{"embeddable":true,"href":"https:\/\/schulzrentabike.com\/index.php?rest_route=\/wp\/v2\/pages\/17"}],"wp:attachment":[{"href":"https:\/\/schulzrentabike.com\/index.php?rest_route=%2Fwp%2Fv2%2Fmedia&parent=593"}],"curies":[{"name":"wp","href":"https:\/\/api.w.org\/{rel}","templated":true}]}}