{"id":443,"date":"2014-11-25T19:05:50","date_gmt":"2014-11-25T19:05:50","guid":{"rendered":"https:\/\/schulzrentabike.com\/?page_id=443"},"modified":"2015-05-27T16:26:16","modified_gmt":"2015-05-27T16:26:16","slug":"kawasaki-z300","status":"publish","type":"page","link":"https:\/\/schulzrentabike.com\/?page_id=443","title":{"rendered":"Kawasaki Z300"},"content":{"rendered":"<p><img loading=\"lazy\" decoding=\"async\" class=\" size-full wp-image-831 alignnone\" src=\"https:\/\/schulzrentabike.com\/wp-content\/uploads\/2014\/11\/kawasaki-logo.jpg\" alt=\"kawasaki-logo\" width=\"160\" height=\"75\" \/><\/p>\n<p><a title=\"Motos\" href=\"https:\/\/schulzrentabike.com\/?page_id=17\"><img loading=\"lazy\" decoding=\"async\" class=\"size-full wp-image-217 alignnone\" src=\"https:\/\/schulzrentabike.com\/wp-content\/uploads\/2014\/10\/menue.png\" alt=\"menue\" width=\"108\" height=\"50\" \/><\/a><\/p>\n\n\t\t<div id='gallery-3' class='gallery galleryid-443 gallery-columns-4 gallery-size-130 gallery1'><script type=\"text\/javascript\">\r\n\/\/ <![CDATA[\r\n\tjQuery(document).ready(function () {\r\n\t\tjQuery(\".gallery1 a\").attr(\"rel\",\"gallery1\");\t\r\n\t\tjQuery('a[rel=\"gallery1\"]').colorbox({maxWidth:\"95%\", maxHeight:\"95%\",title: function(){ return jQuery(this).children().attr(\"alt\"); }, });\r\n\t});\r\n\/\/ ]]>\r\n<\/script>\n<dl class=\"gallery-item\">\n<dt class=\"gallery-icon\">\r\n<a href=\"https:\/\/schulzrentabike.com\/wp-content\/uploads\/2014\/11\/kawasaki-Z300-3.jpg\" title=\"\" rel=\"gallery1\"><img loading=\"lazy\" decoding=\"async\" src=\"https:\/\/schulzrentabike.com\/wp-content\/uploads\/2014\/11\/kawasaki-Z300-3.jpg\" width=\"700\" height=\"526\" alt=\"\" \/><\/a>\r\n<\/dt><\/dl><dl class=\"gallery-item\">\n<dt class=\"gallery-icon\">\r\n<a href=\"https:\/\/schulzrentabike.com\/wp-content\/uploads\/2014\/11\/kawasaki-Z300.jpg\" title=\"\" rel=\"gallery1\"><img loading=\"lazy\" decoding=\"async\" src=\"https:\/\/schulzrentabike.com\/wp-content\/uploads\/2014\/11\/kawasaki-Z300.jpg\" width=\"700\" height=\"407\" alt=\"\" \/><\/a>\r\n<\/dt><\/dl><dl class=\"gallery-item\">\n<dt class=\"gallery-icon\">\r\n<a href=\"https:\/\/schulzrentabike.com\/wp-content\/uploads\/2014\/11\/kawasaki-Z300-2.jpg\" title=\"\" rel=\"gallery1\"><img loading=\"lazy\" decoding=\"async\" src=\"https:\/\/schulzrentabike.com\/wp-content\/uploads\/2014\/11\/kawasaki-Z300-2.jpg\" width=\"700\" height=\"525\" alt=\"\" \/><\/a>\r\n<\/dt><\/dl>\r\n\t\t\t<br style='clear: both' \/>\r\n\t\t<\/div>\n\n<div id=\"eyCatcher\" style=\"background-image: url('https:\/\/schulzrentabike.com\/wp-content\/themes\/accelerate\/images\/bg_kawasakiZ300.jpg'); border: 1px solid black; color: #ffffff;\">\n<div id=\"eyCatcherText\">La Z300 es la \u00faltima incorporaci\u00f3n a la famosa saga Z con un dise\u00f1o supernaked agresivo inspirado en sus hermanas mayores. Su carrocer\u00eda inspira m\u00e1ximas prestaciones y se asegura destacar por encima del resto. Un soberbio nivel de acabados la distingue de el resto de sus competidores. Entre las caracter\u00edsticas clave destacan las dobles v\u00e1lvulas de mariposa para optimizar la potencia y par. Otro punto fuerte es el embrague anti-rebote, que reduce el esfuerzo de la maneta de embrague y facilita las reducciones.<\/div>\n<\/div>\n<table border=\"0\" width=\"475\" cellspacing=\"0\" cellpadding=\"0\" align=\"left\">\n<tbody>\n<tr>\n<td bgcolor=\"#eae9e9\"><span style=\"color: #000;\"><strong>1 d\u00eda<\/strong><\/span><\/td>\n<td bgcolor=\"#eae9e9\"><span style=\"color: #000;\"><strong>3 d\u00edas<\/strong><\/span><\/td>\n<td bgcolor=\"#eae9e9\"><span style=\"color: #000;\"><strong>7 d\u00edas<\/strong><\/span><\/td>\n<\/tr>\n<tr>\n<td bgcolor=\"#e54c34\"><span style=\"color: #fff;\"><strong>50\u20ac<\/strong><\/span><\/td>\n<td bgcolor=\"#e54c34\"><span style=\"color: #fff;\"><strong>140\u20ac<\/strong><\/span><\/td>\n<td bgcolor=\"#e54c34\"><span style=\"color: #fff;\"><strong>300\u20ac<\/strong><\/span><\/td>\n<\/tr>\n<\/tbody>\n<\/table>\n<table border=\"0\" width=\"475\" cellspacing=\"0\" cellpadding=\"0\">\n<tbody>\n<tr>\n<td bgcolor=\"#eae9e9\" width=\"162\"><strong>Consumo<\/strong><\/td>\n<td bgcolor=\"#eae9e9\" width=\"142\">4.0 l.\/100 km<\/td>\n<\/tr>\n<tr>\n<td bgcolor=\"#ffffff\" width=\"162\"><strong>Autonom\u00eda<\/strong><\/td>\n<td bgcolor=\"#ffffff\" width=\"142\">400 km<\/td>\n<\/tr>\n<tr>\n<td bgcolor=\"#eae9e9\" width=\"162\"><strong>Peso total lleno<\/strong><\/td>\n<td bgcolor=\"#eae9e9\" width=\"142\">170 Kg<\/td>\n<\/tr>\n<tr>\n<td bgcolor=\"#ffffff\" width=\"162\"><strong>Potencia M\u00e1xima<\/strong><\/td>\n<td bgcolor=\"#ffffff\" width=\"142\">39 CV a 11.000 rpm<\/td>\n<\/tr>\n<tr>\n<td bgcolor=\"#eae9e9\" width=\"162\"><strong>Dep\u00f3sito<\/strong><\/td>\n<td bgcolor=\"#eae9e9\" width=\"142\">17 l.<\/td>\n<\/tr>\n<\/tbody>\n<\/table>\n<p>&nbsp;<\/p>","protected":false},"excerpt":{"rendered":"<p>La Z300 es la \u00faltima incorporaci\u00f3n a la famosa saga Z con un dise\u00f1o supernaked agresivo inspirado en sus hermanas mayores. Su carrocer\u00eda inspira m\u00e1ximas prestaciones y se asegura destacar por encima del resto. Un soberbio nivel de acabados la<\/p>\n","protected":false},"author":1,"featured_media":0,"parent":17,"menu_order":0,"comment_status":"closed","ping_status":"closed","template":"","meta":{"footnotes":""},"class_list":["post-443","page","type-page","status-publish","hentry"],"_links":{"self":[{"href":"https:\/\/schulzrentabike.com\/index.php?rest_route=\/wp\/v2\/pages\/443","targetHints":{"allow":["GET"]}}],"collection":[{"href":"https:\/\/schulzrentabike.com\/index.php?rest_route=\/wp\/v2\/pages"}],"about":[{"href":"https:\/\/schulzrentabike.com\/index.php?rest_route=\/wp\/v2\/types\/page"}],"author":[{"embeddable":true,"href":"https:\/\/schulzrentabike.com\/index.php?rest_route=\/wp\/v2\/users\/1"}],"replies":[{"embeddable":true,"href":"https:\/\/schulzrentabike.com\/index.php?rest_route=%2Fwp%2Fv2%2Fcomments&post=443"}],"version-history":[{"count":8,"href":"https:\/\/schulzrentabike.com\/index.php?rest_route=\/wp\/v2\/pages\/443\/revisions"}],"predecessor-version":[{"id":1129,"href":"https:\/\/schulzrentabike.com\/index.php?rest_route=\/wp\/v2\/pages\/443\/revisions\/1129"}],"up":[{"embeddable":true,"href":"https:\/\/schulzrentabike.com\/index.php?rest_route=\/wp\/v2\/pages\/17"}],"wp:attachment":[{"href":"https:\/\/schulzrentabike.com\/index.php?rest_route=%2Fwp%2Fv2%2Fmedia&parent=443"}],"curies":[{"name":"wp","href":"https:\/\/api.w.org\/{rel}","templated":true}]}}