{"id":3084,"date":"2025-07-06T11:37:29","date_gmt":"2025-07-06T11:37:29","guid":{"rendered":"https:\/\/schulzrentabike.com\/?page_id=3084"},"modified":"2025-07-06T11:37:39","modified_gmt":"2025-07-06T11:37:39","slug":"orbea-onna-40","status":"publish","type":"page","link":"https:\/\/schulzrentabike.com\/?page_id=3084","title":{"rendered":"Orbea Onna 40"},"content":{"rendered":"<p><img loading=\"lazy\" decoding=\"async\" class=\" size-full wp-image-945 alignnone\" src=\"https:\/\/schulzrentabike.com\/wp-content\/uploads\/2015\/04\/orbea-logo.jpg\" alt=\"orbea-logo\" width=\"140\" height=\"69\" \/><\/p>\n<p><a title=\"Bicicletas\" href=\"https:\/\/schulzrentabike.com\/?page_id=15\"><img loading=\"lazy\" decoding=\"async\" class=\"size-full wp-image-217 alignnone\" src=\"https:\/\/schulzrentabike.com\/wp-content\/uploads\/2014\/10\/menue.png\" alt=\"menue\" width=\"108\" height=\"50\" \/><\/a><\/p>\n\n\t\t<div id='gallery-3' class='gallery galleryid-3084 gallery-columns-4 gallery-size-130 gallery1'><script type=\"text\/javascript\">\r\n\/\/ <![CDATA[\r\n\tjQuery(document).ready(function () {\r\n\t\tjQuery(\".gallery1 a\").attr(\"rel\",\"gallery1\");\t\r\n\t\tjQuery('a[rel=\"gallery1\"]').colorbox({maxWidth:\"95%\", maxHeight:\"95%\",title: function(){ return jQuery(this).children().attr(\"alt\"); }, });\r\n\t});\r\n\/\/ ]]>\r\n<\/script>\n<dl class=\"gallery-item\">\n<dt class=\"gallery-icon\">\r\n<a href=\"https:\/\/schulzrentabike.com\/wp-content\/uploads\/2025\/07\/bicicleta-orbea-onna-40.jpg\" title=\"\" rel=\"gallery1\"><img loading=\"lazy\" decoding=\"async\" src=\"https:\/\/schulzrentabike.com\/wp-content\/uploads\/2025\/07\/bicicleta-orbea-onna-40.jpg\" width=\"1620\" height=\"1118\" alt=\"\" \/><\/a>\r\n<\/dt><\/dl>\r\n\t\t\t<br style='clear: both' \/>\r\n\t\t<\/div>\n\n<p class=\"p1\"><strong>EL COMIENZO DE TODO<\/strong><\/p>\n<p class=\"p3\">Dise\u00f1ada para aquellos riders que sue\u00f1en con conquistar los senderos. La geometr\u00eda de la bici maximiza la eficiencia y el control, y es perfecta para cualquier ciclista que est\u00e1 empezando a enamorarse del MTB.<\/p>\n<p>&nbsp;<\/p>\n<table border=\"0\" width=\"475\" cellspacing=\"0\" cellpadding=\"0\" align=\"left\">\n<tbody>\n<tr>\n<td bgcolor=\"#eae9e9\"><span style=\"color: #000;\"><strong>1 d\u00eda<\/strong><\/span><\/td>\n<td bgcolor=\"#eae9e9\"><span style=\"color: #000;\"><strong>3 d\u00edas<\/strong><\/span><\/td>\n<td bgcolor=\"#eae9e9\"><span style=\"color: #000;\"><strong>7 d\u00edas<\/strong><\/span><\/td>\n<\/tr>\n<tr>\n<td bgcolor=\"#e54c34\"><span style=\"color: #fff;\"><strong>10\u20ac<\/strong><\/span><\/td>\n<td bgcolor=\"#e54c34\"><span style=\"color: #fff;\"><strong>25\u20ac<\/strong><\/span><\/td>\n<td bgcolor=\"#e54c34\"><span style=\"color: #fff;\"><strong>56\u20ac<\/strong><\/span><\/td>\n<\/tr>\n<\/tbody>\n<\/table>\n<h3><\/h3>\n<h3><\/h3>\n<h3>COMPONENTES<\/h3>\n<p class=\"p1\"><strong>CUADRO<\/strong><\/p>\n<p class=\"p1\">Orbea Onna Alloy, Dropout 9&#215;135, BSA BB.<\/p>\n<p class=\"p1\"><strong>HORQUILLA<\/strong><\/p>\n<p class=\"p3\">SR Suntour XCT 30 Coil 100mm QR<\/p>\n<p class=\"p3\"><strong>MANETAS <span class=\"Apple-converted-space\">\u00a0 <\/span><\/strong><\/p>\n<p class=\"p1\">Shimano Alivio SL-M3100<\/p>\n<p class=\"p3\"><strong>CAMBIO <\/strong><\/p>\n<p class=\"p1\">Shimano Altus M2000 SGS Shadow<\/p>\n<p class=\"p3\"><strong>DESVIADOR <\/strong><\/p>\n<p class=\"p1\">Shimano M2020 31.8mm<\/p>\n<p class=\"p3\"><strong>MANILLAR <\/strong><\/p>\n<p class=\"p3\">Alloy Flat 31.8mm 720mm<\/p>\n<p class=\"p3\"><strong>JUEGO DE FRENOS <\/strong><\/p>\n<p class=\"p3\">Shimano MT200 Hydraulic Disc<\/p>\n<p><\/p>","protected":false},"excerpt":{"rendered":"<p>EL COMIENZO DE TODO Dise\u00f1ada para aquellos riders que sue\u00f1en con conquistar los senderos. La geometr\u00eda de la bici maximiza la eficiencia y el control, y es perfecta para cualquier ciclista que est\u00e1 empezando a enamorarse del MTB. &nbsp; 1<\/p>\n","protected":false},"author":4,"featured_media":0,"parent":15,"menu_order":0,"comment_status":"closed","ping_status":"open","template":"","meta":{"footnotes":""},"class_list":["post-3084","page","type-page","status-publish","hentry"],"_links":{"self":[{"href":"https:\/\/schulzrentabike.com\/index.php?rest_route=\/wp\/v2\/pages\/3084","targetHints":{"allow":["GET"]}}],"collection":[{"href":"https:\/\/schulzrentabike.com\/index.php?rest_route=\/wp\/v2\/pages"}],"about":[{"href":"https:\/\/schulzrentabike.com\/index.php?rest_route=\/wp\/v2\/types\/page"}],"author":[{"embeddable":true,"href":"https:\/\/schulzrentabike.com\/index.php?rest_route=\/wp\/v2\/users\/4"}],"replies":[{"embeddable":true,"href":"https:\/\/schulzrentabike.com\/index.php?rest_route=%2Fwp%2Fv2%2Fcomments&post=3084"}],"version-history":[{"count":4,"href":"https:\/\/schulzrentabike.com\/index.php?rest_route=\/wp\/v2\/pages\/3084\/revisions"}],"predecessor-version":[{"id":3089,"href":"https:\/\/schulzrentabike.com\/index.php?rest_route=\/wp\/v2\/pages\/3084\/revisions\/3089"}],"up":[{"embeddable":true,"href":"https:\/\/schulzrentabike.com\/index.php?rest_route=\/wp\/v2\/pages\/15"}],"wp:attachment":[{"href":"https:\/\/schulzrentabike.com\/index.php?rest_route=%2Fwp%2Fv2%2Fmedia&parent=3084"}],"curies":[{"name":"wp","href":"https:\/\/api.w.org\/{rel}","templated":true}]}}