{"id":3073,"date":"2025-07-06T10:59:54","date_gmt":"2025-07-06T10:59:54","guid":{"rendered":"https:\/\/schulzrentabike.com\/?page_id=3073"},"modified":"2025-07-06T10:59:54","modified_gmt":"2025-07-06T10:59:54","slug":"orbea-occam-h30","status":"publish","type":"page","link":"https:\/\/schulzrentabike.com\/?page_id=3073","title":{"rendered":"Orbea Occam H30"},"content":{"rendered":"<p><img loading=\"lazy\" decoding=\"async\" class=\" size-full wp-image-945 alignnone\" src=\"https:\/\/schulzrentabike.com\/wp-content\/uploads\/2015\/04\/orbea-logo.jpg\" alt=\"orbea-logo\" width=\"140\" height=\"69\" \/><\/p>\n<p><a title=\"Bicicletas\" href=\"https:\/\/schulzrentabike.com\/?page_id=15\"><img loading=\"lazy\" decoding=\"async\" class=\"size-full wp-image-217 alignnone\" src=\"https:\/\/schulzrentabike.com\/wp-content\/uploads\/2014\/10\/menue.png\" alt=\"menue\" width=\"108\" height=\"50\" \/><\/a><\/p>\n\n\t\t<div id='gallery-3' class='gallery galleryid-3073 gallery-columns-4 gallery-size-130 gallery1'><script type=\"text\/javascript\">\r\n\/\/ <![CDATA[\r\n\tjQuery(document).ready(function () {\r\n\t\tjQuery(\".gallery1 a\").attr(\"rel\",\"gallery1\");\t\r\n\t\tjQuery('a[rel=\"gallery1\"]').colorbox({maxWidth:\"95%\", maxHeight:\"95%\",title: function(){ return jQuery(this).children().attr(\"alt\"); }, });\r\n\t});\r\n\/\/ ]]>\r\n<\/script>\n<dl class=\"gallery-item\">\n<dt class=\"gallery-icon\">\r\n<a href=\"https:\/\/schulzrentabike.com\/wp-content\/uploads\/2025\/07\/Orbea-Occam-H30.jpg\" title=\"\" rel=\"gallery1\"><img loading=\"lazy\" decoding=\"async\" src=\"https:\/\/schulzrentabike.com\/wp-content\/uploads\/2025\/07\/Orbea-Occam-H30.jpg\" width=\"1620\" height=\"1026\" alt=\"\" \/><\/a>\r\n<\/dt><\/dl>\r\n\t\t\t<br style='clear: both' \/>\r\n\t\t<\/div>\n\n<p class=\"p1\"><strong>LA SUSPENSI\u00d3N QUE M\u00c1S SE ADAPTA A TI<\/strong><\/p>\n<p class=\"p3\">\u00bfTus rutas favoritas incluyen subidas \u00e9picas y descensos que no est\u00e1n en ning\u00fan mapa? \u00bfComienzan tus rutas cuando todav\u00eda no ha amanecido y terminan con cerveza y grandes amistades de ruta? \u00bfTu bici debe hacerlo todo bien, llevarte all\u00ed donde sue\u00f1as y traerte de vuelta? Si piensas que eres este rider, la Occam deber\u00eda ser tu bici.<\/p>\n<p>&nbsp;<\/p>\n<p>&nbsp;<\/p>\n<table border=\"0\" width=\"475\" cellspacing=\"0\" cellpadding=\"0\" align=\"left\">\n<tbody>\n<tr>\n<td bgcolor=\"#eae9e9\"><span style=\"color: #000;\"><strong>1 d\u00eda<\/strong><\/span><\/td>\n<td bgcolor=\"#eae9e9\"><span style=\"color: #000;\"><strong>3 d\u00edas<\/strong><\/span><\/td>\n<td bgcolor=\"#eae9e9\"><span style=\"color: #000;\"><strong>7 d\u00edas<\/strong><\/span><\/td>\n<\/tr>\n<tr>\n<td bgcolor=\"#e54c34\"><span style=\"color: #fff;\"><strong>25\u20ac<\/strong><\/span><\/td>\n<td bgcolor=\"#e54c34\"><span style=\"color: #fff;\"><strong>65\u20ac<\/strong><\/span><\/td>\n<td bgcolor=\"#e54c34\"><span style=\"color: #fff;\"><strong>140\u20ac<\/strong><\/span><\/td>\n<\/tr>\n<\/tbody>\n<\/table>\n<h3><\/h3>\n<h3><\/h3>\n<h3>COMPONENTES<\/h3>\n<p class=\"p1\"><strong>CUADRO<\/strong><\/p>\n<p class=\"p1\">Orbea Occam Hydro High Polished Triple Butted. Concentric Boost 12&#215;148 rear axle. Pure Trail geometry. Asymmetric design.<\/p>\n<p class=\"p1\"><strong>HORQUILLA<\/strong><\/p>\n<p class=\"p1\">Marzocchi Bomber Z2 140 QR15x110 AMORTIGUADOR Fox Float DPS Performance 3-Position Evol custom tune 210x50mm MANETAS <span class=\"Apple-converted-space\">\u00a0 <\/span>Shimano Deore M6100<\/p>\n<p class=\"p4\"><strong>CAMBIO<\/strong><\/p>\n<p class=\"p4\">Shimano Deore M6100 SGS Shadow Plus<\/p>\n<p class=\"p4\"><strong>MANILLAR <\/strong><\/p>\n<p class=\"p4\">Alloy, 35mm, Rise 12mm, 780mm<\/p>\n<p class=\"p4\"><strong>JUEGO DE FRENOS <\/strong><\/p>\n<p class=\"p4\">Shimano MT201 Hydraulic Disc<\/p>\n<p><\/p>","protected":false},"excerpt":{"rendered":"<p>LA SUSPENSI\u00d3N QUE M\u00c1S SE ADAPTA A TI \u00bfTus rutas favoritas incluyen subidas \u00e9picas y descensos que no est\u00e1n en ning\u00fan mapa? \u00bfComienzan tus rutas cuando todav\u00eda no ha amanecido y terminan con cerveza y grandes amistades de ruta? \u00bfTu<\/p>\n","protected":false},"author":4,"featured_media":0,"parent":15,"menu_order":0,"comment_status":"closed","ping_status":"closed","template":"","meta":{"footnotes":""},"class_list":["post-3073","page","type-page","status-publish","hentry"],"_links":{"self":[{"href":"https:\/\/schulzrentabike.com\/index.php?rest_route=\/wp\/v2\/pages\/3073","targetHints":{"allow":["GET"]}}],"collection":[{"href":"https:\/\/schulzrentabike.com\/index.php?rest_route=\/wp\/v2\/pages"}],"about":[{"href":"https:\/\/schulzrentabike.com\/index.php?rest_route=\/wp\/v2\/types\/page"}],"author":[{"embeddable":true,"href":"https:\/\/schulzrentabike.com\/index.php?rest_route=\/wp\/v2\/users\/4"}],"replies":[{"embeddable":true,"href":"https:\/\/schulzrentabike.com\/index.php?rest_route=%2Fwp%2Fv2%2Fcomments&post=3073"}],"version-history":[{"count":3,"href":"https:\/\/schulzrentabike.com\/index.php?rest_route=\/wp\/v2\/pages\/3073\/revisions"}],"predecessor-version":[{"id":3077,"href":"https:\/\/schulzrentabike.com\/index.php?rest_route=\/wp\/v2\/pages\/3073\/revisions\/3077"}],"up":[{"embeddable":true,"href":"https:\/\/schulzrentabike.com\/index.php?rest_route=\/wp\/v2\/pages\/15"}],"wp:attachment":[{"href":"https:\/\/schulzrentabike.com\/index.php?rest_route=%2Fwp%2Fv2%2Fmedia&parent=3073"}],"curies":[{"name":"wp","href":"https:\/\/api.w.org\/{rel}","templated":true}]}}