{"id":2907,"date":"2025-06-29T13:27:17","date_gmt":"2025-06-29T13:27:17","guid":{"rendered":"https:\/\/schulzrentabike.com\/?page_id=2907"},"modified":"2025-06-30T16:11:07","modified_gmt":"2025-06-30T16:11:07","slug":"scott-scale-980","status":"publish","type":"page","link":"https:\/\/schulzrentabike.com\/?page_id=2907","title":{"rendered":"Scott Scale 980"},"content":{"rendered":"<p><img loading=\"lazy\" decoding=\"async\" class=\"alignnone wp-image-2908\" src=\"https:\/\/schulzrentabike.com\/wp-content\/uploads\/2025\/06\/Scott_Logo-110x110.jpg\" alt=\"\" width=\"100\" height=\"64\" srcset=\"https:\/\/schulzrentabike.com\/wp-content\/uploads\/2025\/06\/Scott_Logo-500x321.jpg 500w, https:\/\/schulzrentabike.com\/wp-content\/uploads\/2025\/06\/Scott_Logo-779x500.jpg 779w, https:\/\/schulzrentabike.com\/wp-content\/uploads\/2025\/06\/Scott_Logo-768x493.jpg 768w, https:\/\/schulzrentabike.com\/wp-content\/uploads\/2025\/06\/Scott_Logo.jpg 1000w\" sizes=\"auto, (max-width: 100px) 100vw, 100px\" \/><\/p>\n<p><a title=\"Bicicletas\" href=\"https:\/\/schulzrentabike.com\/?page_id=15\"><img loading=\"lazy\" decoding=\"async\" class=\"size-full wp-image-217 alignnone\" src=\"https:\/\/schulzrentabike.com\/wp-content\/uploads\/2014\/10\/menue.png\" alt=\"menue\" width=\"108\" height=\"50\" \/><\/a><\/p>\n\n\t\t<div id='gallery-3' class='gallery galleryid-2907 gallery-columns-4 gallery-size-130 gallery1'><script type=\"text\/javascript\">\r\n\/\/ <![CDATA[\r\n\tjQuery(document).ready(function () {\r\n\t\tjQuery(\".gallery1 a\").attr(\"rel\",\"gallery1\");\t\r\n\t\tjQuery('a[rel=\"gallery1\"]').colorbox({maxWidth:\"95%\", maxHeight:\"95%\",title: function(){ return jQuery(this).children().attr(\"alt\"); }, });\r\n\t});\r\n\/\/ ]]>\r\n<\/script>\n<dl class=\"gallery-item\">\n<dt class=\"gallery-icon\">\r\n<a href=\"https:\/\/schulzrentabike.com\/wp-content\/uploads\/2025\/06\/ScottScale980_2025.jpg\" title=\"\" rel=\"gallery1\"><img loading=\"lazy\" decoding=\"async\" src=\"https:\/\/schulzrentabike.com\/wp-content\/uploads\/2025\/06\/ScottScale980_2025.jpg\" width=\"1600\" height=\"1110\" alt=\"\" \/><\/a>\r\n<\/dt><\/dl>\r\n\t\t\t<br style='clear: both' \/>\r\n\t\t<\/div>\n\n<p><span style=\"color: #303030;\"><strong>\u00a0<\/strong><\/span><\/p>\n<p class=\"p1\">\u00a1Explora nuevos caminos con la Scott Scale 980! \u00c1gil, ligera y c\u00f3moda, es perfecta para recorrer senderos y disfrutar de la monta\u00f1a al m\u00e1ximo. Si buscas aventura y diversi\u00f3n sobre dos ruedas, esta es tu mejor opci\u00f3n.<\/p>\n<p class=\"p1\"><strong>\u00a1Alqu\u00edlala y vive la experiencia!<\/strong><\/p>\n<p>&nbsp;<\/p>\n<table border=\"0\" width=\"475\" cellspacing=\"0\" cellpadding=\"0\" align=\"left\">\n<tbody>\n<tr>\n<td bgcolor=\"#eae9e9\"><span style=\"color: #000;\"><strong>1 D\u00eda<\/strong><\/span><\/td>\n<td bgcolor=\"#eae9e9\"><span style=\"color: #000;\"><strong>3 D\u00edas<\/strong><\/span><\/td>\n<td bgcolor=\"#eae9e9\"><span style=\"color: #000;\"><strong>7 D\u00edas<\/strong><\/span><\/td>\n<\/tr>\n<tr>\n<td bgcolor=\"#e54c34\"><span style=\"color: #fff;\"><strong>15\u20ac<\/strong><\/span><\/td>\n<td bgcolor=\"#e54c34\"><span style=\"color: #fff;\"><strong>40\u20ac<\/strong><\/span><\/td>\n<td bgcolor=\"#e54c34\"><span style=\"color: #fff;\"><strong>85\u20ac<\/strong><\/span><\/td>\n<\/tr>\n<\/tbody>\n<\/table>\n<h3><\/h3>\n<h3><\/h3>\n<h3>COMPONENTES<\/h3>\n<p class=\"p1\"><strong>CUADRO:<\/strong>\u00a0Scale Alloy 6061 Custom Butted Tubing Syncros<\/p>\n<p class=\"p1\"><strong>HORQUILLA:<\/strong>\u00a0Suntour X1 32 RL-R<\/p>\n<p class=\"p1\"><strong>CAMBIO:<\/strong>\u00a0Shimano Deore RD-M6100 SGS Shadow Plus \/ 12 Speed<\/p>\n<p class=\"p1\"><strong>MANILLAR:<\/strong>\u00a0Syncros Alloy 6061 T shape Flat<\/p>\n<p class=\"p1\"><strong>JUEGO DE FRENOS:<\/strong>\u00a0Shimano MT200 Disc Brake<\/p>\n<p><\/p>","protected":false},"excerpt":{"rendered":"<p>\u00a0 \u00a1Explora nuevos caminos con la Scott Scale 980! \u00c1gil, ligera y c\u00f3moda, es perfecta para recorrer senderos y disfrutar de la monta\u00f1a al m\u00e1ximo. Si buscas aventura y diversi\u00f3n sobre dos ruedas, esta es tu mejor opci\u00f3n. \u00a1Alqu\u00edlala y<\/p>\n","protected":false},"author":4,"featured_media":0,"parent":15,"menu_order":0,"comment_status":"closed","ping_status":"open","template":"","meta":{"footnotes":""},"class_list":["post-2907","page","type-page","status-publish","hentry"],"_links":{"self":[{"href":"https:\/\/schulzrentabike.com\/index.php?rest_route=\/wp\/v2\/pages\/2907","targetHints":{"allow":["GET"]}}],"collection":[{"href":"https:\/\/schulzrentabike.com\/index.php?rest_route=\/wp\/v2\/pages"}],"about":[{"href":"https:\/\/schulzrentabike.com\/index.php?rest_route=\/wp\/v2\/types\/page"}],"author":[{"embeddable":true,"href":"https:\/\/schulzrentabike.com\/index.php?rest_route=\/wp\/v2\/users\/4"}],"replies":[{"embeddable":true,"href":"https:\/\/schulzrentabike.com\/index.php?rest_route=%2Fwp%2Fv2%2Fcomments&post=2907"}],"version-history":[{"count":9,"href":"https:\/\/schulzrentabike.com\/index.php?rest_route=\/wp\/v2\/pages\/2907\/revisions"}],"predecessor-version":[{"id":3027,"href":"https:\/\/schulzrentabike.com\/index.php?rest_route=\/wp\/v2\/pages\/2907\/revisions\/3027"}],"up":[{"embeddable":true,"href":"https:\/\/schulzrentabike.com\/index.php?rest_route=\/wp\/v2\/pages\/15"}],"wp:attachment":[{"href":"https:\/\/schulzrentabike.com\/index.php?rest_route=%2Fwp%2Fv2%2Fmedia&parent=2907"}],"curies":[{"name":"wp","href":"https:\/\/api.w.org\/{rel}","templated":true}]}}