{"id":2843,"date":"2025-06-29T11:21:37","date_gmt":"2025-06-29T11:21:37","guid":{"rendered":"https:\/\/schulzrentabike.com\/?page_id=2843"},"modified":"2025-06-30T16:05:28","modified_gmt":"2025-06-30T16:05:28","slug":"e-bike-trek-marlin-6","status":"publish","type":"page","link":"https:\/\/schulzrentabike.com\/?page_id=2843","title":{"rendered":"E-Bike Trek Marlin+ 6"},"content":{"rendered":"<p><img loading=\"lazy\" decoding=\"async\" class=\"alignnone wp-image-2853 size-thumbnail\" src=\"https:\/\/schulzrentabike.com\/wp-content\/uploads\/2025\/06\/TrekBikes_Logo-110x110.jpg\" alt=\"\" width=\"110\" height=\"110\" srcset=\"https:\/\/schulzrentabike.com\/wp-content\/uploads\/2025\/06\/TrekBikes_Logo-110x110.jpg 110w, https:\/\/schulzrentabike.com\/wp-content\/uploads\/2025\/06\/TrekBikes_Logo-400x400.jpg 400w, https:\/\/schulzrentabike.com\/wp-content\/uploads\/2025\/06\/TrekBikes_Logo-500x500.jpg 500w, https:\/\/schulzrentabike.com\/wp-content\/uploads\/2025\/06\/TrekBikes_Logo-768x768.jpg 768w, https:\/\/schulzrentabike.com\/wp-content\/uploads\/2025\/06\/TrekBikes_Logo-230x230.jpg 230w, https:\/\/schulzrentabike.com\/wp-content\/uploads\/2025\/06\/TrekBikes_Logo-365x365.jpg 365w, https:\/\/schulzrentabike.com\/wp-content\/uploads\/2025\/06\/TrekBikes_Logo.jpg 860w\" sizes=\"auto, (max-width: 110px) 100vw, 110px\" \/><\/p>\n<p><a title=\"Bicicletas\" href=\"https:\/\/schulzrentabike.com\/?page_id=1468\"><img loading=\"lazy\" decoding=\"async\" class=\"size-full wp-image-217 alignnone\" src=\"https:\/\/schulzrentabike.com\/wp-content\/uploads\/2014\/10\/menue.png\" alt=\"menue\" width=\"108\" height=\"50\" \/><\/a><\/p>\n\n\t\t<div id='gallery-3' class='gallery galleryid-2843 gallery-columns-4 gallery-size-130 gallery1'><script type=\"text\/javascript\">\r\n\/\/ <![CDATA[\r\n\tjQuery(document).ready(function () {\r\n\t\tjQuery(\".gallery1 a\").attr(\"rel\",\"gallery1\");\t\r\n\t\tjQuery('a[rel=\"gallery1\"]').colorbox({maxWidth:\"95%\", maxHeight:\"95%\",title: function(){ return jQuery(this).children().attr(\"alt\"); }, });\r\n\t});\r\n\/\/ ]]>\r\n<\/script>\n<dl class=\"gallery-item\">\n<dt class=\"gallery-icon\">\r\n<a href=\"https:\/\/schulzrentabike.com\/wp-content\/uploads\/2025\/06\/Trek-Marlin6.jpg\" title=\"\" rel=\"gallery1\"><img loading=\"lazy\" decoding=\"async\" src=\"https:\/\/schulzrentabike.com\/wp-content\/uploads\/2025\/06\/Trek-Marlin6.jpg\" width=\"2000\" height=\"1101\" alt=\"Trek Marlin+ 6\" \/><\/a>\r\n<\/dt><\/dl>\r\n\t\t\t<br style='clear: both' \/>\r\n\t\t<\/div>\n\n<p class=\"p1\"><strong>LA MONTA\u00d1A ES TUYA<\/strong><\/p>\n<p class=\"p1\">La <b>Trek Marlin+ 6<\/b> lleva tus aventuras a un nivel superior. Con una potente asistencia el\u00e9ctrica y una geometr\u00eda pensada para ofrecerte control y confort, esta e-MTB est\u00e1 lista para acompa\u00f1arte en todo tipo de terrenos. Su sistema de suspensi\u00f3n de calidad y sus ruedas anchas permiten que te enfrentes a senderos rocosos y subidas empinadas con facilidad.<\/p>\n<p class=\"p1\"><b>\u00bfEst\u00e1s preparado para conquistar nuevos caminos?<\/b><\/p>\n<p>&nbsp;<\/p>\n<table border=\"0\" width=\"475\" cellspacing=\"0\" cellpadding=\"0\" align=\"left\">\n<tbody>\n<tr>\n<td bgcolor=\"#eae9e9\"><span style=\"color: #000;\"><strong>1 d\u00eda<\/strong><\/span><\/td>\n<td bgcolor=\"#eae9e9\"><span style=\"color: #000;\"><strong>3 d\u00edas<\/strong><\/span><\/td>\n<td bgcolor=\"#eae9e9\"><span style=\"color: #000;\"><strong>7 d\u00edas<\/strong><\/span><\/td>\n<\/tr>\n<tr>\n<td bgcolor=\"#e54c34\"><span style=\"color: #ffffff;\"><span style=\"caret-color: #ffffff;\"><b>30\u20ac<\/b><\/span><\/span><\/td>\n<td bgcolor=\"#e54c34\"><span style=\"color: #fff;\"><strong>80\u20ac<\/strong><\/span><\/td>\n<td bgcolor=\"#e54c34\"><span style=\"color: #fff;\"><strong>170\u20ac<\/strong><\/span><\/td>\n<\/tr>\n<\/tbody>\n<\/table>\n<h3><\/h3>\n<h3><\/h3>\n<h3>COMPONENTES<\/h3>\n<p class=\"p1\"><strong>CUADRO:<\/strong>\u00a0Aluminio Alpha Gold<\/p>\n<p class=\"p1\"><strong>HORQUILLA:<\/strong>\u00a0SR Suntour XCM 34 Boost 110 &#8211; 100 mm<\/p>\n<p class=\"p1\"><strong>CAMBIO:<\/strong>\u00a0Shimano CUES U4000<\/p>\n<p class=\"p1\"><strong>PLATO:<\/strong>\u00a0FSA, 32D<\/p>\n<p class=\"p1\"><strong>PI\u00d1\u00d3N:<\/strong> Shimano LINKGLIDE LG300, 11-46, 9 velocidades<\/p>\n<p class=\"p1\"><strong>MOTOR:<\/strong>\u00a0Bosch Active Line Plus<\/p>\n<p class=\"p1\"><strong>BATER\u00cdA:<\/strong>\u00a0Bosch CompactTube 400 Wh<\/p>\n<p><\/p>","protected":false},"excerpt":{"rendered":"<p>LA MONTA\u00d1A ES TUYA La Trek Marlin+ 6 lleva tus aventuras a un nivel superior. Con una potente asistencia el\u00e9ctrica y una geometr\u00eda pensada para ofrecerte control y confort, esta e-MTB est\u00e1 lista para acompa\u00f1arte en todo tipo de terrenos.<\/p>\n","protected":false},"author":4,"featured_media":0,"parent":1468,"menu_order":0,"comment_status":"closed","ping_status":"closed","template":"","meta":{"footnotes":""},"class_list":["post-2843","page","type-page","status-publish","hentry"],"_links":{"self":[{"href":"https:\/\/schulzrentabike.com\/index.php?rest_route=\/wp\/v2\/pages\/2843","targetHints":{"allow":["GET"]}}],"collection":[{"href":"https:\/\/schulzrentabike.com\/index.php?rest_route=\/wp\/v2\/pages"}],"about":[{"href":"https:\/\/schulzrentabike.com\/index.php?rest_route=\/wp\/v2\/types\/page"}],"author":[{"embeddable":true,"href":"https:\/\/schulzrentabike.com\/index.php?rest_route=\/wp\/v2\/users\/4"}],"replies":[{"embeddable":true,"href":"https:\/\/schulzrentabike.com\/index.php?rest_route=%2Fwp%2Fv2%2Fcomments&post=2843"}],"version-history":[{"count":9,"href":"https:\/\/schulzrentabike.com\/index.php?rest_route=\/wp\/v2\/pages\/2843\/revisions"}],"predecessor-version":[{"id":3014,"href":"https:\/\/schulzrentabike.com\/index.php?rest_route=\/wp\/v2\/pages\/2843\/revisions\/3014"}],"up":[{"embeddable":true,"href":"https:\/\/schulzrentabike.com\/index.php?rest_route=\/wp\/v2\/pages\/1468"}],"wp:attachment":[{"href":"https:\/\/schulzrentabike.com\/index.php?rest_route=%2Fwp%2Fv2%2Fmedia&parent=2843"}],"curies":[{"name":"wp","href":"https:\/\/api.w.org\/{rel}","templated":true}]}}