{"id":283,"date":"2014-10-21T08:15:11","date_gmt":"2014-10-21T08:15:11","guid":{"rendered":"https:\/\/schulzrentabike.com\/?page_id=283"},"modified":"2026-03-24T13:36:54","modified_gmt":"2026-03-24T13:36:54","slug":"aprilia-dorsoduro750","status":"publish","type":"page","link":"https:\/\/schulzrentabike.com\/?page_id=283","title":{"rendered":"Aprilia Dorsoduro 750"},"content":{"rendered":"<p><img loading=\"lazy\" decoding=\"async\" class=\" size-full wp-image-791 alignnone\" src=\"https:\/\/schulzrentabike.com\/wp-content\/uploads\/2014\/10\/aprilia.png\" alt=\"aprilia\" width=\"180\" height=\"57\" \/><\/p>\n<p><a title=\"Motos\" href=\"https:\/\/schulzrentabike.com\/?page_id=17\"><img loading=\"lazy\" decoding=\"async\" class=\"size-full wp-image-217 alignnone\" src=\"https:\/\/schulzrentabike.com\/wp-content\/uploads\/2014\/10\/menue.png\" alt=\"menue\" width=\"108\" height=\"50\" \/><\/a><\/p>\n\n\t\t<div id='gallery-3' class='gallery galleryid-283 gallery-columns-4 gallery-size-130 gallery1'><script type=\"text\/javascript\">\r\n\/\/ <![CDATA[\r\n\tjQuery(document).ready(function () {\r\n\t\tjQuery(\".gallery1 a\").attr(\"rel\",\"gallery1\");\t\r\n\t\tjQuery('a[rel=\"gallery1\"]').colorbox({maxWidth:\"95%\", maxHeight:\"95%\",title: function(){ return jQuery(this).children().attr(\"alt\"); }, });\r\n\t});\r\n\/\/ ]]>\r\n<\/script>\n<dl class=\"gallery-item\">\n<dt class=\"gallery-icon\">\r\n<a href=\"https:\/\/schulzrentabike.com\/wp-content\/uploads\/2014\/10\/aprilia-dorsoduro700x500-2.jpg\" title=\"\" rel=\"gallery1\"><img loading=\"lazy\" decoding=\"async\" src=\"https:\/\/schulzrentabike.com\/wp-content\/uploads\/2014\/10\/aprilia-dorsoduro700x500-2.jpg\" width=\"750\" height=\"500\" alt=\"\" \/><\/a>\r\n<\/dt><\/dl><dl class=\"gallery-item\">\n<dt class=\"gallery-icon\">\r\n<a href=\"https:\/\/schulzrentabike.com\/wp-content\/uploads\/2014\/10\/aprilia-dorsoduro700x500-3.jpg\" title=\"\" rel=\"gallery1\"><img loading=\"lazy\" decoding=\"async\" src=\"https:\/\/schulzrentabike.com\/wp-content\/uploads\/2014\/10\/aprilia-dorsoduro700x500-3.jpg\" width=\"750\" height=\"500\" alt=\"\" \/><\/a>\r\n<\/dt><\/dl><dl class=\"gallery-item\">\n<dt class=\"gallery-icon\">\r\n<a href=\"https:\/\/schulzrentabike.com\/wp-content\/uploads\/2014\/10\/aprilia-dorsoduro700x500-1.jpg\" title=\"\" rel=\"gallery1\"><img loading=\"lazy\" decoding=\"async\" src=\"https:\/\/schulzrentabike.com\/wp-content\/uploads\/2014\/10\/aprilia-dorsoduro700x500-1.jpg\" width=\"750\" height=\"500\" alt=\"\" \/><\/a>\r\n<\/dt><\/dl>\r\n\t\t\t<br style='clear: both' \/>\r\n\t\t<\/div>\n\n<div id=\"eyCatcher\" style=\"background-image: url('https:\/\/schulzrentabike.com\/wp-content\/themes\/accelerate\/images\/bg_dorsoduro-750.jpg'); border: 1px solid black; color: #ffffff;\">\n<div id=\"eyCatcherText\">Desarrollada en estrecha colaboraci\u00f3n con la Divisi\u00f3n de Carreras Aprilia \u2013 treinta y siete t\u00edtulos mundiales en total \u2013 la Aprilia Dorsoduro 750 ha sido realizada tomando lo mejor de las supermotard de competici\u00f3n. Electr\u00f3nica y buenas terminaciones se combinan para esta moto entre la m\u00e1s agresiva supermotard, con toques de distinci\u00f3n italianos y motor que te dar\u00e1 las dosis de adrenalina que necesites.El resultado es la quintaesencia de prestaciones y tecnolog\u00eda, una moto especial, extrema, elitista y por ello capaz de elevar a quien la conduce a la excelencia de los pilotos.<\/div>\n<\/div>\n<table border=\"0\" width=\"475\" cellspacing=\"0\" cellpadding=\"0\" align=\"left\">\n<tbody>\n<tr>\n<td bgcolor=\"#eae9e9\"><span style=\"color: #000;\"><strong>1 d\u00eda<\/strong><\/span><\/td>\n<td bgcolor=\"#eae9e9\"><span style=\"color: #000;\"><strong>3 d\u00edas<\/strong><\/span><\/td>\n<td bgcolor=\"#eae9e9\"><span style=\"color: #000;\"><strong>7 d\u00edas<\/strong><\/span><\/td>\n<\/tr>\n<tr>\n<td bgcolor=\"#e54c34\"><span style=\"color: #fff;\"><strong>60\u20ac<\/strong><\/span><\/td>\n<td bgcolor=\"#e54c34\"><span style=\"color: #fff;\"><strong>160\u20ac<\/strong><\/span><\/td>\n<td bgcolor=\"#e54c34\"><span style=\"color: #fff;\"><strong>350\u20ac<\/strong><\/span><\/td>\n<\/tr>\n<\/tbody>\n<\/table>\n<table border=\"0\" width=\"475\" cellspacing=\"0\" cellpadding=\"0\">\n<tbody>\n<tr>\n<td bgcolor=\"#eae9e9\" width=\"162\"><strong>Consumo<\/strong><\/td>\n<td bgcolor=\"#eae9e9\" width=\"142\">5.1 l.\/100 km<\/td>\n<\/tr>\n<tr>\n<td bgcolor=\"#ffffff\" width=\"162\"><strong>Autonom\u00eda<\/strong><\/td>\n<td bgcolor=\"#ffffff\" width=\"142\">260 km<\/td>\n<\/tr>\n<tr>\n<td bgcolor=\"#eae9e9\" width=\"162\"><strong>Peso total lleno<\/strong><\/td>\n<td bgcolor=\"#eae9e9\" width=\"142\">189 Kg<\/td>\n<\/tr>\n<tr>\n<td bgcolor=\"#ffffff\" width=\"162\"><strong>Potencia M\u00e1xima<\/strong><\/td>\n<td bgcolor=\"#ffffff\" width=\"142\">95 CV a 9.000 rpm<\/td>\n<\/tr>\n<tr>\n<td bgcolor=\"#eae9e9\" width=\"162\"><strong>Dep\u00f3sito<\/strong><\/td>\n<td bgcolor=\"#eae9e9\" width=\"142\">15 l.<\/td>\n<\/tr>\n<\/tbody>\n<\/table>\n<p><\/p>","protected":false},"excerpt":{"rendered":"<p>Desarrollada en estrecha colaboraci\u00f3n con la Divisi\u00f3n de Carreras Aprilia \u2013 treinta y siete t\u00edtulos mundiales en total \u2013 la Aprilia Dorsoduro 750 ha sido realizada tomando lo mejor de las supermotard de competici\u00f3n. Electr\u00f3nica y buenas terminaciones se combinan<\/p>\n","protected":false},"author":1,"featured_media":0,"parent":17,"menu_order":0,"comment_status":"closed","ping_status":"closed","template":"","meta":{"footnotes":""},"class_list":["post-283","page","type-page","status-publish","hentry"],"_links":{"self":[{"href":"https:\/\/schulzrentabike.com\/index.php?rest_route=\/wp\/v2\/pages\/283","targetHints":{"allow":["GET"]}}],"collection":[{"href":"https:\/\/schulzrentabike.com\/index.php?rest_route=\/wp\/v2\/pages"}],"about":[{"href":"https:\/\/schulzrentabike.com\/index.php?rest_route=\/wp\/v2\/types\/page"}],"author":[{"embeddable":true,"href":"https:\/\/schulzrentabike.com\/index.php?rest_route=\/wp\/v2\/users\/1"}],"replies":[{"embeddable":true,"href":"https:\/\/schulzrentabike.com\/index.php?rest_route=%2Fwp%2Fv2%2Fcomments&post=283"}],"version-history":[{"count":36,"href":"https:\/\/schulzrentabike.com\/index.php?rest_route=\/wp\/v2\/pages\/283\/revisions"}],"predecessor-version":[{"id":3176,"href":"https:\/\/schulzrentabike.com\/index.php?rest_route=\/wp\/v2\/pages\/283\/revisions\/3176"}],"up":[{"embeddable":true,"href":"https:\/\/schulzrentabike.com\/index.php?rest_route=\/wp\/v2\/pages\/17"}],"wp:attachment":[{"href":"https:\/\/schulzrentabike.com\/index.php?rest_route=%2Fwp%2Fv2%2Fmedia&parent=283"}],"curies":[{"name":"wp","href":"https:\/\/api.w.org\/{rel}","templated":true}]}}