{"id":2610,"date":"2022-08-03T16:26:45","date_gmt":"2022-08-03T16:26:45","guid":{"rendered":"https:\/\/schulzrentabike.com\/?page_id=2610"},"modified":"2026-03-24T13:40:39","modified_gmt":"2026-03-24T13:40:39","slug":"aprilia-tuareg-660","status":"publish","type":"page","link":"https:\/\/schulzrentabike.com\/?page_id=2610","title":{"rendered":"Aprilia Tuareg 660"},"content":{"rendered":"<p><img loading=\"lazy\" decoding=\"async\" class=\"alignleft wp-image-791 size-full\" src=\"https:\/\/schulzrentabike.com\/wp-content\/uploads\/2014\/10\/aprilia.png\" alt=\"\" width=\"180\" height=\"57\" \/><\/p>\n<p>&nbsp;<\/p>\n<p>&nbsp;<\/p>\n<p>&nbsp;<\/p>\n<p><a title=\"Motos\" href=\"https:\/\/schulzrentabike.com\/?page_id=17\"><img loading=\"lazy\" decoding=\"async\" class=\" wp-image-217 size-full alignleft\" src=\"https:\/\/schulzrentabike.com\/wp-content\/uploads\/2014\/10\/menue.png\" alt=\"menue\" width=\"108\" height=\"50\" \/><\/a><\/p>\n<p>&nbsp;<\/p>\n<p>&nbsp;<\/p>\n\n\t\t<div id='gallery-3' class='gallery galleryid-2610 gallery-columns-4 gallery-size-130 gallery1'><script type=\"text\/javascript\">\r\n\/\/ <![CDATA[\r\n\tjQuery(document).ready(function () {\r\n\t\tjQuery(\".gallery1 a\").attr(\"rel\",\"gallery1\");\t\r\n\t\tjQuery('a[rel=\"gallery1\"]').colorbox({maxWidth:\"95%\", maxHeight:\"95%\",title: function(){ return jQuery(this).children().attr(\"alt\"); }, });\r\n\t});\r\n\/\/ ]]>\r\n<\/script>\n<dl class=\"gallery-item\">\n<dt class=\"gallery-icon\">\r\n<a href=\"https:\/\/schulzrentabike.com\/wp-content\/uploads\/2022\/08\/16458996695883.jpeg\" title=\"\" rel=\"gallery1\"><img loading=\"lazy\" decoding=\"async\" src=\"https:\/\/schulzrentabike.com\/wp-content\/uploads\/2022\/08\/16458996695883.jpeg\" width=\"1320\" height=\"880\" alt=\"\" \/><\/a>\r\n<\/dt><\/dl><dl class=\"gallery-item\">\n<dt class=\"gallery-icon\">\r\n<a href=\"https:\/\/schulzrentabike.com\/wp-content\/uploads\/2022\/08\/aprilia-fondo-texto.jpeg\" title=\"\" rel=\"gallery1\"><img loading=\"lazy\" decoding=\"async\" src=\"https:\/\/schulzrentabike.com\/wp-content\/uploads\/2022\/08\/aprilia-fondo-texto.jpeg\" width=\"1200\" height=\"858\" alt=\"\" \/><\/a>\r\n<\/dt><\/dl><dl class=\"gallery-item\">\n<dt class=\"gallery-icon\">\r\n<a href=\"https:\/\/schulzrentabike.com\/wp-content\/uploads\/2022\/08\/Aprilia_Tuareg_660-10.jpeg\" title=\"\" rel=\"gallery1\"><img loading=\"lazy\" decoding=\"async\" src=\"https:\/\/schulzrentabike.com\/wp-content\/uploads\/2022\/08\/Aprilia_Tuareg_660-10.jpeg\" width=\"1200\" height=\"800\" alt=\"\" \/><\/a>\r\n<\/dt><\/dl><dl class=\"gallery-item\">\n<dt class=\"gallery-icon\">\r\n<a href=\"https:\/\/schulzrentabike.com\/wp-content\/uploads\/2022\/08\/aprilia-tuareg-660-scaled.jpeg\" title=\"\" rel=\"gallery1\"><img loading=\"lazy\" decoding=\"async\" src=\"https:\/\/schulzrentabike.com\/wp-content\/uploads\/2022\/08\/aprilia-tuareg-660-scaled.jpeg\" width=\"2560\" height=\"1707\" alt=\"\" \/><\/a>\r\n<\/dt><\/dl><br style=\"clear: both\" \/>\r\n\t\t<\/div>\n\n<div id=\"eyCatcher\" style=\"background-image: url('https:\/\/schulzrentabike.com\/wp-content\/uploads\/2022\/08\/Schulz_TuaregNegra.jpg'); border: 1px solid black; color: #ffffff;\">\n<div id=\"eyCatcherText\">\n<p class=\"p1\">PORQUE DIVERTIRSE ES UN ASUNTO SERIO<\/p>\n<p class=\"p1\">Dise\u00f1ada para brindarle el <strong>m\u00e1ximo control al conducir sobre asfalto y tierra<\/strong>, sentado o de pie, gracias a opciones t\u00e9cnicas distintivas puestas al servicio de tu deseo de explorar.<\/p>\n<\/div>\n<\/div>\n<table border=\"0\" width=\"475\" cellspacing=\"0\" cellpadding=\"0\" align=\"left\">\n<tbody>\n<tr>\n<td bgcolor=\"#eae9e9\"><span style=\"color: #000;\"><strong>1 d\u00eda<\/strong><\/span><\/td>\n<td bgcolor=\"#eae9e9\"><span style=\"color: #000;\"><strong>3 d\u00edas<\/strong><\/span><\/td>\n<td bgcolor=\"#eae9e9\"><span style=\"color: #000;\"><strong>7 d\u00edas<\/strong><\/span><\/td>\n<\/tr>\n<tr>\n<td bgcolor=\"#e54c34\"><span style=\"color: #fff;\"><strong>70\u20ac<\/strong><\/span><\/td>\n<td bgcolor=\"#e54c34\"><span style=\"color: #fff;\"><strong>195\u20ac<\/strong><\/span><\/td>\n<td bgcolor=\"#e54c34\"><span style=\"color: #fff;\"><strong>420\u20ac<\/strong><\/span><\/td>\n<\/tr>\n<\/tbody>\n<\/table>\n<table border=\"0\" width=\"475\" cellspacing=\"0\" cellpadding=\"0\">\n<tbody>\n<tr>\n<td bgcolor=\"#eae9e9\" width=\"162\"><strong>Consumo<\/strong><\/td>\n<td bgcolor=\"#eae9e9\" width=\"142\"><b>4,7 <\/b>l.\/100 km<\/td>\n<\/tr>\n<tr>\n<td bgcolor=\"#ffffff\" width=\"162\"><strong>Autonom\u00eda<\/strong><\/td>\n<td bgcolor=\"#ffffff\" width=\"142\">400 km<\/td>\n<\/tr>\n<tr>\n<td bgcolor=\"#eae9e9\" width=\"162\"><strong>Peso total lleno<\/strong><\/td>\n<td bgcolor=\"#eae9e9\" width=\"142\">187 Kg<\/td>\n<\/tr>\n<tr>\n<td bgcolor=\"#ffffff\" width=\"162\"><strong>Potencia M\u00e1xima<\/strong><\/td>\n<td bgcolor=\"#ffffff\" width=\"142\">80 CV<\/td>\n<\/tr>\n<tr>\n<td bgcolor=\"#eae9e9\" width=\"162\"><strong>Dep\u00f3sito<\/strong><\/td>\n<td bgcolor=\"#eae9e9\" width=\"142\">18 litros<\/td>\n<\/tr>\n<\/tbody>\n<\/table>\n<p>&nbsp;<\/p>","protected":false},"excerpt":{"rendered":"<p>&nbsp; &nbsp; &nbsp; &nbsp; &nbsp; PORQUE DIVERTIRSE ES UN ASUNTO SERIO Dise\u00f1ada para brindarle el m\u00e1ximo control al conducir sobre asfalto y tierra, sentado o de pie, gracias a opciones t\u00e9cnicas distintivas puestas al servicio de tu deseo de explorar.<\/p>\n","protected":false},"author":4,"featured_media":0,"parent":17,"menu_order":0,"comment_status":"closed","ping_status":"closed","template":"","meta":{"footnotes":""},"class_list":["post-2610","page","type-page","status-publish","hentry"],"_links":{"self":[{"href":"https:\/\/schulzrentabike.com\/index.php?rest_route=\/wp\/v2\/pages\/2610","targetHints":{"allow":["GET"]}}],"collection":[{"href":"https:\/\/schulzrentabike.com\/index.php?rest_route=\/wp\/v2\/pages"}],"about":[{"href":"https:\/\/schulzrentabike.com\/index.php?rest_route=\/wp\/v2\/types\/page"}],"author":[{"embeddable":true,"href":"https:\/\/schulzrentabike.com\/index.php?rest_route=\/wp\/v2\/users\/4"}],"replies":[{"embeddable":true,"href":"https:\/\/schulzrentabike.com\/index.php?rest_route=%2Fwp%2Fv2%2Fcomments&post=2610"}],"version-history":[{"count":11,"href":"https:\/\/schulzrentabike.com\/index.php?rest_route=\/wp\/v2\/pages\/2610\/revisions"}],"predecessor-version":[{"id":3180,"href":"https:\/\/schulzrentabike.com\/index.php?rest_route=\/wp\/v2\/pages\/2610\/revisions\/3180"}],"up":[{"embeddable":true,"href":"https:\/\/schulzrentabike.com\/index.php?rest_route=\/wp\/v2\/pages\/17"}],"wp:attachment":[{"href":"https:\/\/schulzrentabike.com\/index.php?rest_route=%2Fwp%2Fv2%2Fmedia&parent=2610"}],"curies":[{"name":"wp","href":"https:\/\/api.w.org\/{rel}","templated":true}]}}