{"id":2300,"date":"2020-03-24T18:19:38","date_gmt":"2020-03-24T18:19:38","guid":{"rendered":"https:\/\/schulzrentabike.com\/?page_id=2300"},"modified":"2026-03-24T13:28:33","modified_gmt":"2026-03-24T13:28:33","slug":"e-bike-orbea-wild-ht-30","status":"publish","type":"page","link":"https:\/\/schulzrentabike.com\/?page_id=2300","title":{"rendered":"E-Bike ORBEA WILD HT 30"},"content":{"rendered":"<p><img loading=\"lazy\" decoding=\"async\" class=\"alignnone wp-image-945 size-full\" src=\"https:\/\/schulzrentabike.com\/wp-content\/uploads\/2015\/04\/orbea-logo.jpg\" alt=\"\" width=\"140\" height=\"69\" \/><\/p>\n<p><a title=\"Bicicletas\" href=\"https:\/\/schulzrentabike.com\/?page_id=1468\"><img loading=\"lazy\" decoding=\"async\" class=\"size-full wp-image-217 alignnone\" src=\"https:\/\/schulzrentabike.com\/wp-content\/uploads\/2014\/10\/menue.png\" alt=\"menue\" width=\"108\" height=\"50\" \/><\/a><\/p>\n\n\t\t<div id='gallery-3' class='gallery galleryid-2300 gallery-columns-4 gallery-size-130 gallery1'><script type=\"text\/javascript\">\r\n\/\/ <![CDATA[\r\n\tjQuery(document).ready(function () {\r\n\t\tjQuery(\".gallery1 a\").attr(\"rel\",\"gallery1\");\t\r\n\t\tjQuery('a[rel=\"gallery1\"]').colorbox({maxWidth:\"95%\", maxHeight:\"95%\",title: function(){ return jQuery(this).children().attr(\"alt\"); }, });\r\n\t});\r\n\/\/ ]]>\r\n<\/script>\n<dl class=\"gallery-item\">\n<dt class=\"gallery-icon\">\r\n<a href=\"https:\/\/schulzrentabike.com\/wp-content\/uploads\/2020\/03\/E-Bike-Mallorca-Orbea-Wild-HT30_2.jpg\" title=\"\" rel=\"gallery1\"><img loading=\"lazy\" decoding=\"async\" src=\"https:\/\/schulzrentabike.com\/wp-content\/uploads\/2020\/03\/E-Bike-Mallorca-Orbea-Wild-HT30_2.jpg\" width=\"700\" height=\"558\" alt=\"E-Bike Mallorca\" \/><\/a>\r\n<\/dt><\/dl><dl class=\"gallery-item\">\n<dt class=\"gallery-icon\">\r\n<a href=\"https:\/\/schulzrentabike.com\/wp-content\/uploads\/2020\/03\/E-Bike-Mallorca-Orbea-Wild-HT30.jpg\" title=\"\" rel=\"gallery1\"><img loading=\"lazy\" decoding=\"async\" src=\"https:\/\/schulzrentabike.com\/wp-content\/uploads\/2020\/03\/E-Bike-Mallorca-Orbea-Wild-HT30.jpg\" width=\"700\" height=\"558\" alt=\"E-Bike Mallorca\" \/><\/a>\r\n<\/dt><\/dl><dl class=\"gallery-item\">\n<dt class=\"gallery-icon\">\r\n<a href=\"https:\/\/schulzrentabike.com\/wp-content\/uploads\/2020\/03\/E-Bike-Mallorca-Orbea-Wild-HT30_3.jpg\" title=\"\" rel=\"gallery1\"><img loading=\"lazy\" decoding=\"async\" src=\"https:\/\/schulzrentabike.com\/wp-content\/uploads\/2020\/03\/E-Bike-Mallorca-Orbea-Wild-HT30_3.jpg\" width=\"700\" height=\"558\" alt=\"E-Bike Mallorca\" \/><\/a>\r\n<\/dt><\/dl>\r\n\t\t\t<br style='clear: both' \/>\r\n\t\t<\/div>\n\n<p><span style=\"color: #303030;\"><strong>LA POTENCIA NUNCA FUE TAN SUTIL<\/strong><\/span><\/p>\n<p>&nbsp;<\/p>\n<table border=\"0\" width=\"475\" cellspacing=\"0\" cellpadding=\"0\" align=\"left\">\n<tbody>\n<tr>\n<td bgcolor=\"#eae9e9\"><span style=\"color: #000;\"><strong>1 d\u00eda<\/strong><\/span><\/td>\n<td bgcolor=\"#eae9e9\"><span style=\"color: #000;\"><strong>3 d\u00edas<\/strong><\/span><\/td>\n<td bgcolor=\"#eae9e9\"><span style=\"color: #000;\"><strong>7 d\u00edas<\/strong><\/span><\/td>\n<\/tr>\n<tr>\n<td bgcolor=\"#e54c34\"><span style=\"color: #fff;\"><strong>30\u20ac<\/strong><\/span><\/td>\n<td bgcolor=\"#e54c34\"><span style=\"color: #fff;\"><strong>80\u20ac<\/strong><\/span><\/td>\n<td bgcolor=\"#e54c34\"><span style=\"color: #fff;\"><strong>170\u20ac<\/strong><\/span><\/td>\n<\/tr>\n<\/tbody>\n<\/table>\n<h3><\/h3>\n<h3><\/h3>\n<h3>COMPONENTES<\/h3>\n<p><strong>HORQUILLA: <\/strong>Marzzocchi Bomber Z2 120 QR15x110<\/p>\n<p><strong>CAMBIO: <\/strong>Shimano SLX M7000 GS Shadow Plus<\/p>\n<p><strong>PLATO:<\/strong> PW EB04-NW32 G4<\/p>\n<p><strong>PI\u00d1ON: <\/strong>Sun Race CSMS8 11-46t 11-Speed<strong><br \/>\n<\/strong><\/p>\n<p><strong>MOTOR:<\/strong> BOSCH Performance CX Cruise (25km\/h) BDU450CX<strong><br \/>\n<\/strong><\/p>\n<p><strong>BATER\u00cdA: <\/strong>BOSCH Powertube 500Wh<\/p>","protected":false},"excerpt":{"rendered":"<p>LA POTENCIA NUNCA FUE TAN SUTIL &nbsp; 1 d\u00eda 3 d\u00edas 7 d\u00edas 30\u20ac 80\u20ac 170\u20ac COMPONENTES HORQUILLA: Marzzocchi Bomber Z2 120 QR15x110 CAMBIO: Shimano SLX M7000 GS Shadow Plus PLATO: PW EB04-NW32 G4 PI\u00d1ON: Sun Race CSMS8 11-46t 11-Speed<\/p>\n","protected":false},"author":1,"featured_media":0,"parent":1468,"menu_order":0,"comment_status":"closed","ping_status":"closed","template":"","meta":{"footnotes":""},"class_list":["post-2300","page","type-page","status-publish","hentry"],"_links":{"self":[{"href":"https:\/\/schulzrentabike.com\/index.php?rest_route=\/wp\/v2\/pages\/2300","targetHints":{"allow":["GET"]}}],"collection":[{"href":"https:\/\/schulzrentabike.com\/index.php?rest_route=\/wp\/v2\/pages"}],"about":[{"href":"https:\/\/schulzrentabike.com\/index.php?rest_route=\/wp\/v2\/types\/page"}],"author":[{"embeddable":true,"href":"https:\/\/schulzrentabike.com\/index.php?rest_route=\/wp\/v2\/users\/1"}],"replies":[{"embeddable":true,"href":"https:\/\/schulzrentabike.com\/index.php?rest_route=%2Fwp%2Fv2%2Fcomments&post=2300"}],"version-history":[{"count":17,"href":"https:\/\/schulzrentabike.com\/index.php?rest_route=\/wp\/v2\/pages\/2300\/revisions"}],"predecessor-version":[{"id":3174,"href":"https:\/\/schulzrentabike.com\/index.php?rest_route=\/wp\/v2\/pages\/2300\/revisions\/3174"}],"up":[{"embeddable":true,"href":"https:\/\/schulzrentabike.com\/index.php?rest_route=\/wp\/v2\/pages\/1468"}],"wp:attachment":[{"href":"https:\/\/schulzrentabike.com\/index.php?rest_route=%2Fwp%2Fv2%2Fmedia&parent=2300"}],"curies":[{"name":"wp","href":"https:\/\/api.w.org\/{rel}","templated":true}]}}