{"id":1707,"date":"2018-05-21T09:22:05","date_gmt":"2018-05-21T09:22:05","guid":{"rendered":"https:\/\/schulzrentabike.com\/?page_id=1707"},"modified":"2025-06-30T16:01:10","modified_gmt":"2025-06-30T16:01:10","slug":"e-bike-orbea-comfort-400-wh","status":"publish","type":"page","link":"https:\/\/schulzrentabike.com\/?page_id=1707","title":{"rendered":"E-Bike Haibike Hardnine 5"},"content":{"rendered":"<p><img loading=\"lazy\" decoding=\"async\" class=\"alignnone wp-image-1731 size-full\" src=\"https:\/\/schulzrentabike.com\/wp-content\/uploads\/2018\/05\/haibike_logo.jpg\" alt=\"\" width=\"140\" height=\"108\" \/><\/p>\n<p><a title=\"Bicicletas\" href=\"https:\/\/schulzrentabike.com\/?page_id=1468\"><img loading=\"lazy\" decoding=\"async\" class=\"size-full wp-image-217 alignnone\" src=\"https:\/\/schulzrentabike.com\/wp-content\/uploads\/2014\/10\/menue.png\" alt=\"menue\" width=\"108\" height=\"50\" \/><\/a><\/p>\n\n\t\t<div id='gallery-3' class='gallery galleryid-1707 gallery-columns-4 gallery-size-130 gallery1'><script type=\"text\/javascript\">\r\n\/\/ <![CDATA[\r\n\tjQuery(document).ready(function () {\r\n\t\tjQuery(\".gallery1 a\").attr(\"rel\",\"gallery1\");\t\r\n\t\tjQuery('a[rel=\"gallery1\"]').colorbox({maxWidth:\"95%\", maxHeight:\"95%\",title: function(){ return jQuery(this).children().attr(\"alt\"); }, });\r\n\t});\r\n\/\/ ]]>\r\n<\/script>\n<dl class=\"gallery-item\">\n<dt class=\"gallery-icon\">\r\n<a href=\"https:\/\/schulzrentabike.com\/wp-content\/uploads\/2022\/02\/Ppal.jpg\" title=\"\" rel=\"gallery1\"><img loading=\"lazy\" decoding=\"async\" src=\"https:\/\/schulzrentabike.com\/wp-content\/uploads\/2022\/02\/Ppal.jpg\" width=\"1200\" height=\"900\" alt=\"\" \/><\/a>\r\n<\/dt><\/dl>\r\n\t\t\t<br style='clear: both' \/>\r\n\t\t<\/div>\n\n<p class=\"p1\"><strong>APUNTA A LO M\u00c1S ALTO<\/strong><\/p>\n<table style=\"height: 48px;\" border=\"0\" width=\"475\" cellspacing=\"0\" cellpadding=\"0\" align=\"left\">\n<tbody>\n<tr style=\"height: 24px;\">\n<td style=\"height: 24px; width: 133.40625px;\" bgcolor=\"#eae9e9\"><span style=\"color: #000;\"><strong>1 d\u00eda<\/strong><\/span><\/td>\n<td style=\"height: 24px; width: 168.734375px;\" bgcolor=\"#eae9e9\"><span style=\"color: #000;\"><strong>3 d\u00edas<\/strong><\/span><\/td>\n<td style=\"height: 24px; width: 164.890625px;\" bgcolor=\"#eae9e9\"><span style=\"color: #000;\"><strong>7 d\u00edas<\/strong><\/span><\/td>\n<\/tr>\n<tr style=\"height: 24px;\">\n<td style=\"height: 24px; width: 133.40625px;\" bgcolor=\"#e54c34\"><span style=\"color: #ffffff;\"><span style=\"caret-color: #ffffff;\"><b>25\u20ac<\/b><\/span><\/span><\/td>\n<td style=\"height: 24px; width: 168.734375px;\" bgcolor=\"#e54c34\"><span style=\"color: #fff;\"><strong>65\u20ac<\/strong><\/span><\/td>\n<td style=\"height: 24px; width: 164.890625px;\" bgcolor=\"#e54c34\"><span style=\"color: #fff;\"><strong>140\u20ac<\/strong><\/span><\/td>\n<\/tr>\n<\/tbody>\n<\/table>\n<h3><\/h3>\n<h3><\/h3>\n<h3>COMPONENTES<\/h3>\n<p><strong>HORQUILLA: <\/strong>SR Suntour XCM34 NLO DS, Travel: 120mm<\/p>\n<p><strong>CAMBIO: <\/strong>Shimano Alivio M3100<\/p>\n<p><strong>PI\u00d1ON:<\/strong>Shimano HG200, 11 &#8211; 36 teeth<strong><br \/>\n<\/strong><\/p>\n<p><strong>MOTOR: <\/strong>Bosch Performance Line, 65Nm, 25km\/h<\/p>\n<p><strong>BATER\u00cdA: <\/strong>Bosch PowerTube 500Wh<\/p>","protected":false},"excerpt":{"rendered":"<p>APUNTA A LO M\u00c1S ALTO 1 d\u00eda 3 d\u00edas 7 d\u00edas 25\u20ac 65\u20ac 140\u20ac COMPONENTES HORQUILLA: SR Suntour XCM34 NLO DS, Travel: 120mm CAMBIO: Shimano Alivio M3100 PI\u00d1ON:Shimano HG200, 11 &#8211; 36 teeth MOTOR: Bosch Performance Line, 65Nm, 25km\/h BATER\u00cdA:<\/p>\n","protected":false},"author":1,"featured_media":0,"parent":1468,"menu_order":0,"comment_status":"closed","ping_status":"closed","template":"","meta":{"footnotes":""},"class_list":["post-1707","page","type-page","status-publish","hentry"],"_links":{"self":[{"href":"https:\/\/schulzrentabike.com\/index.php?rest_route=\/wp\/v2\/pages\/1707","targetHints":{"allow":["GET"]}}],"collection":[{"href":"https:\/\/schulzrentabike.com\/index.php?rest_route=\/wp\/v2\/pages"}],"about":[{"href":"https:\/\/schulzrentabike.com\/index.php?rest_route=\/wp\/v2\/types\/page"}],"author":[{"embeddable":true,"href":"https:\/\/schulzrentabike.com\/index.php?rest_route=\/wp\/v2\/users\/1"}],"replies":[{"embeddable":true,"href":"https:\/\/schulzrentabike.com\/index.php?rest_route=%2Fwp%2Fv2%2Fcomments&post=1707"}],"version-history":[{"count":24,"href":"https:\/\/schulzrentabike.com\/index.php?rest_route=\/wp\/v2\/pages\/1707\/revisions"}],"predecessor-version":[{"id":3002,"href":"https:\/\/schulzrentabike.com\/index.php?rest_route=\/wp\/v2\/pages\/1707\/revisions\/3002"}],"up":[{"embeddable":true,"href":"https:\/\/schulzrentabike.com\/index.php?rest_route=\/wp\/v2\/pages\/1468"}],"wp:attachment":[{"href":"https:\/\/schulzrentabike.com\/index.php?rest_route=%2Fwp%2Fv2%2Fmedia&parent=1707"}],"curies":[{"name":"wp","href":"https:\/\/api.w.org\/{rel}","templated":true}]}}