{"id":1690,"date":"2018-05-14T19:13:30","date_gmt":"2018-05-14T19:13:30","guid":{"rendered":"https:\/\/schulzrentabike.com\/?page_id=1690"},"modified":"2025-06-30T16:01:58","modified_gmt":"2025-06-30T16:01:58","slug":"orbea-keram","status":"publish","type":"page","link":"https:\/\/schulzrentabike.com\/?page_id=1690","title":{"rendered":"E-Bike Orbea Keram 30"},"content":{"rendered":"<p><img loading=\"lazy\" decoding=\"async\" class=\" size-full wp-image-945 alignnone\" src=\"https:\/\/schulzrentabike.com\/wp-content\/uploads\/2015\/04\/orbea-logo.jpg\" alt=\"orbea-logo\" width=\"140\" height=\"69\" \/><\/p>\n<p><a title=\"Bicicletas\" href=\"https:\/\/schulzrentabike.com\/?page_id=1468\"><img loading=\"lazy\" decoding=\"async\" class=\"size-full wp-image-217 alignnone\" src=\"https:\/\/schulzrentabike.com\/wp-content\/uploads\/2014\/10\/menue.png\" alt=\"menue\" width=\"108\" height=\"50\" \/><\/a><\/p>\n\n\t\t<div id='gallery-3' class='gallery galleryid-1690 gallery-columns-4 gallery-size-130 gallery1'><script type=\"text\/javascript\">\r\n\/\/ <![CDATA[\r\n\tjQuery(document).ready(function () {\r\n\t\tjQuery(\".gallery1 a\").attr(\"rel\",\"gallery1\");\t\r\n\t\tjQuery('a[rel=\"gallery1\"]').colorbox({maxWidth:\"95%\", maxHeight:\"95%\",title: function(){ return jQuery(this).children().attr(\"alt\"); }, });\r\n\t});\r\n\/\/ ]]>\r\n<\/script>\n<dl class=\"gallery-item\">\n<dt class=\"gallery-icon\">\r\n<a href=\"https:\/\/schulzrentabike.com\/wp-content\/uploads\/2022\/02\/L305TTCC-XK-SIDE-KERAM_29_30.jpg\" title=\"\" rel=\"gallery1\"><img loading=\"lazy\" decoding=\"async\" src=\"https:\/\/schulzrentabike.com\/wp-content\/uploads\/2022\/02\/L305TTCC-XK-SIDE-KERAM_29_30.jpg\" width=\"1620\" height=\"1400\" alt=\"\" \/><\/a>\r\n<\/dt><\/dl><dl class=\"gallery-item\">\n<dt class=\"gallery-icon\">\r\n<a href=\"https:\/\/schulzrentabike.com\/wp-content\/uploads\/2022\/02\/C21_AdventureNeo_Tech_BoschActiveLine_0282.jpg\" title=\"\" rel=\"gallery1\"><img loading=\"lazy\" decoding=\"async\" src=\"https:\/\/schulzrentabike.com\/wp-content\/uploads\/2022\/02\/C21_AdventureNeo_Tech_BoschActiveLine_0282.jpg\" width=\"1920\" height=\"1280\" alt=\"\" \/><\/a>\r\n<\/dt><\/dl>\r\n\t\t\t<br style='clear: both' \/>\r\n\t\t<\/div>\n\n<p class=\"p1\"><strong>TIENE TODO LO QUE NECESITAS.<\/strong><\/p>\n<p>&nbsp;<\/p>\n<table border=\"0\" width=\"475\" cellspacing=\"0\" cellpadding=\"0\" align=\"left\">\n<tbody>\n<tr>\n<td bgcolor=\"#eae9e9\"><span style=\"color: #000;\"><strong>1 d\u00eda<\/strong><\/span><\/td>\n<td bgcolor=\"#eae9e9\"><span style=\"color: #000;\"><strong>3 d\u00edas<\/strong><\/span><\/td>\n<td bgcolor=\"#eae9e9\"><span style=\"color: #000;\"><strong>7 d\u00edas<\/strong><\/span><\/td>\n<\/tr>\n<tr>\n<td bgcolor=\"#e54c34\"><span style=\"color: #ffffff;\"><span style=\"caret-color: #ffffff;\"><b>25\u20ac<\/b><\/span><\/span><\/td>\n<td bgcolor=\"#e54c34\"><span style=\"color: #fff;\"><strong>65\u20ac<\/strong><\/span><\/td>\n<td bgcolor=\"#e54c34\"><span style=\"color: #fff;\"><strong>140\u20ac<\/strong><\/span><\/td>\n<\/tr>\n<\/tbody>\n<\/table>\n<h3><\/h3>\n<h3><\/h3>\n<h3>COMPONENTES<\/h3>\n<p><strong>HORQUILLA: <\/strong>SR Suntour XCR32 LO Coil 100mm QR<\/p>\n<p><strong>CAMBIO: <\/strong>Shimano Deore M5120 SGS Shadow Plus<\/p>\n<p><strong>PLATO: <\/strong>PW EB04-NW34 G3<\/p>\n<p><strong>PI\u00d1ON: <\/strong>Shimano Deore M4100 11-46t 10-Speed<\/p>\n<p><strong>MOTOR: <\/strong>BOSCH Active 25 km\/h<\/p>\n<p><strong>BATER\u00cdA: <\/strong>Bosch Performance 400 Wh<\/p>","protected":false},"excerpt":{"rendered":"<p>TIENE TODO LO QUE NECESITAS. &nbsp; 1 d\u00eda 3 d\u00edas 7 d\u00edas 25\u20ac 65\u20ac 140\u20ac COMPONENTES HORQUILLA: SR Suntour XCR32 LO Coil 100mm QR CAMBIO: Shimano Deore M5120 SGS Shadow Plus PLATO: PW EB04-NW34 G3 PI\u00d1ON: Shimano Deore M4100 11-46t<\/p>\n","protected":false},"author":1,"featured_media":0,"parent":1468,"menu_order":0,"comment_status":"closed","ping_status":"closed","template":"","meta":{"footnotes":""},"class_list":["post-1690","page","type-page","status-publish","hentry"],"_links":{"self":[{"href":"https:\/\/schulzrentabike.com\/index.php?rest_route=\/wp\/v2\/pages\/1690","targetHints":{"allow":["GET"]}}],"collection":[{"href":"https:\/\/schulzrentabike.com\/index.php?rest_route=\/wp\/v2\/pages"}],"about":[{"href":"https:\/\/schulzrentabike.com\/index.php?rest_route=\/wp\/v2\/types\/page"}],"author":[{"embeddable":true,"href":"https:\/\/schulzrentabike.com\/index.php?rest_route=\/wp\/v2\/users\/1"}],"replies":[{"embeddable":true,"href":"https:\/\/schulzrentabike.com\/index.php?rest_route=%2Fwp%2Fv2%2Fcomments&post=1690"}],"version-history":[{"count":27,"href":"https:\/\/schulzrentabike.com\/index.php?rest_route=\/wp\/v2\/pages\/1690\/revisions"}],"predecessor-version":[{"id":3005,"href":"https:\/\/schulzrentabike.com\/index.php?rest_route=\/wp\/v2\/pages\/1690\/revisions\/3005"}],"up":[{"embeddable":true,"href":"https:\/\/schulzrentabike.com\/index.php?rest_route=\/wp\/v2\/pages\/1468"}],"wp:attachment":[{"href":"https:\/\/schulzrentabike.com\/index.php?rest_route=%2Fwp%2Fv2%2Fmedia&parent=1690"}],"curies":[{"name":"wp","href":"https:\/\/api.w.org\/{rel}","templated":true}]}}