{"id":1389,"date":"2017-03-28T08:18:09","date_gmt":"2017-03-28T08:18:09","guid":{"rendered":"https:\/\/schulzrentabike.com\/?page_id=1389"},"modified":"2025-06-30T16:26:15","modified_gmt":"2025-06-30T16:26:15","slug":"vespa-sprint-125","status":"publish","type":"page","link":"https:\/\/schulzrentabike.com\/?page_id=1389","title":{"rendered":"Vespa Sprint 125"},"content":{"rendered":"<p><img loading=\"lazy\" decoding=\"async\" class=\"wp-image-1382 size-full alignnone\" src=\"https:\/\/schulzrentabike.com\/wp-content\/uploads\/2017\/03\/Vespa-logo.jpg\" alt=\"Ren a Vespa \" width=\"180\" height=\"81\" \/><\/p>\n<p><a title=\"Scooters\" href=\"https:\/\/schulzrentabike.com\/?page_id=291\"><img loading=\"lazy\" decoding=\"async\" class=\"size-full wp-image-217 alignnone\" src=\"https:\/\/schulzrentabike.com\/wp-content\/uploads\/2014\/10\/menue.png\" alt=\"menue\" width=\"108\" height=\"50\" \/><\/a><\/p>\n\n\t\t<div id='gallery-3' class='gallery galleryid-1389 gallery-columns-4 gallery-size-130 gallery1'><script type=\"text\/javascript\">\r\n\/\/ <![CDATA[\r\n\tjQuery(document).ready(function () {\r\n\t\tjQuery(\".gallery1 a\").attr(\"rel\",\"gallery1\");\t\r\n\t\tjQuery('a[rel=\"gallery1\"]').colorbox({maxWidth:\"95%\", maxHeight:\"95%\",title: function(){ return jQuery(this).children().attr(\"alt\"); }, });\r\n\t});\r\n\/\/ ]]>\r\n<\/script>\n<dl class=\"gallery-item\">\n<dt class=\"gallery-icon\">\r\n<a href=\"https:\/\/schulzrentabike.com\/wp-content\/uploads\/2017\/03\/6Vespa_aranciopastello.jpg\" title=\"\" rel=\"gallery1\"><img loading=\"lazy\" decoding=\"async\" src=\"https:\/\/schulzrentabike.com\/wp-content\/uploads\/2017\/03\/6Vespa_aranciopastello.jpg\" width=\"700\" height=\"500\" alt=\"\" \/><\/a>\r\n<\/dt><\/dl><dl class=\"gallery-item\">\n<dt class=\"gallery-icon\">\r\n<a href=\"https:\/\/schulzrentabike.com\/wp-content\/uploads\/2017\/03\/vespa-sprint-125.jpg\" title=\"\" rel=\"gallery1\"><img loading=\"lazy\" decoding=\"async\" src=\"https:\/\/schulzrentabike.com\/wp-content\/uploads\/2017\/03\/vespa-sprint-125.jpg\" width=\"700\" height=\"500\" alt=\"\" \/><\/a>\r\n<\/dt><\/dl><dl class=\"gallery-item\">\n<dt class=\"gallery-icon\">\r\n<a href=\"https:\/\/schulzrentabike.com\/wp-content\/uploads\/2017\/03\/vespa-sprint-125-2017.jpg\" title=\"\" rel=\"gallery1\"><img loading=\"lazy\" decoding=\"async\" src=\"https:\/\/schulzrentabike.com\/wp-content\/uploads\/2017\/03\/vespa-sprint-125-2017.jpg\" width=\"700\" height=\"500\" alt=\"\" \/><\/a>\r\n<\/dt><\/dl>\r\n\t\t\t<br style='clear: both' \/>\r\n\t\t<\/div>\n\n<p><span style=\"color: #303030;\"><strong>ESTILO Y TECNOLOG\u00cdA<\/strong><br \/>\nLa Vespa Sprint 125 es el veh\u00edculo ideal para quien busca un scooter 125 para moverse por la ciudad de forma din\u00e1mica y segura, sin<br \/>\nrenunciar a la comodidad y al estilo inconfundible de la tradici\u00f3n Vespa.<\/span><\/p>\n<table border=\"0\" width=\"475\" cellspacing=\"0\" cellpadding=\"0\" align=\"left\">\n<tbody>\n<tr>\n<td bgcolor=\"#eae9e9\"><span style=\"color: #000;\"><strong>1 d\u00eda<\/strong><\/span><\/td>\n<td bgcolor=\"#eae9e9\"><span style=\"color: #000;\"><strong>3 d\u00edas<\/strong><\/span><\/td>\n<td bgcolor=\"#eae9e9\"><span style=\"color: #000;\"><strong>7 d\u00edas<\/strong><\/span><\/td>\n<\/tr>\n<tr>\n<td bgcolor=\"#e54c34\"><span style=\"color: #fff;\"><strong>30\u20ac<\/strong><\/span><\/td>\n<td bgcolor=\"#e54c34\"><span style=\"color: #fff;\"><strong>84\u20ac<\/strong><\/span><\/td>\n<td bgcolor=\"#e54c34\"><span style=\"color: #fff;\"><strong>175\u20ac<\/strong><\/span><\/td>\n<\/tr>\n<\/tbody>\n<\/table>\n<table style=\"width: 475px;\" border=\"0\" cellspacing=\"0\" cellpadding=\"0\">\n<tbody>\n<tr>\n<td style=\"width: 249.85px;\" bgcolor=\"#eae9e9\"><strong>Consumo<\/strong><\/td>\n<td style=\"width: 218.15px;\" bgcolor=\"#eae9e9\">4,3 l\/100 km<\/td>\n<\/tr>\n<tr>\n<td style=\"width: 249.85px;\" bgcolor=\"#ffffff\"><strong>Autonom\u00eda<\/strong><\/td>\n<td style=\"width: 218.15px;\" bgcolor=\"#ffffff\">230 km<\/td>\n<\/tr>\n<tr>\n<td style=\"width: 249.85px;\" bgcolor=\"#eae9e9\"><strong>Peso total lleno<\/strong><\/td>\n<td style=\"width: 218.15px;\" bgcolor=\"#eae9e9\">160 Kg<\/td>\n<\/tr>\n<tr>\n<td style=\"width: 249.85px;\" bgcolor=\"#ffffff\"><strong>Potencia M\u00e1xima<\/strong><\/td>\n<td style=\"width: 218.15px;\" bgcolor=\"#ffffff\">12,2 CV a 9.750 rpm<\/td>\n<\/tr>\n<tr>\n<td style=\"width: 249.85px;\" bgcolor=\"#eae9e9\"><strong>Dep\u00f3sito<\/strong><\/td>\n<td style=\"width: 218.15px;\" bgcolor=\"#eae9e9\">8 l.<\/td>\n<\/tr>\n<\/tbody>\n<\/table>\n<p>&nbsp;<\/p>","protected":false},"excerpt":{"rendered":"<p>ESTILO Y TECNOLOG\u00cdA La Vespa Sprint 125 es el veh\u00edculo ideal para quien busca un scooter 125 para moverse por la ciudad de forma din\u00e1mica y segura, sin renunciar a la comodidad y al estilo inconfundible de la tradici\u00f3n Vespa.<\/p>\n","protected":false},"author":1,"featured_media":0,"parent":0,"menu_order":0,"comment_status":"closed","ping_status":"closed","template":"","meta":{"footnotes":""},"class_list":["post-1389","page","type-page","status-publish","hentry"],"_links":{"self":[{"href":"https:\/\/schulzrentabike.com\/index.php?rest_route=\/wp\/v2\/pages\/1389","targetHints":{"allow":["GET"]}}],"collection":[{"href":"https:\/\/schulzrentabike.com\/index.php?rest_route=\/wp\/v2\/pages"}],"about":[{"href":"https:\/\/schulzrentabike.com\/index.php?rest_route=\/wp\/v2\/types\/page"}],"author":[{"embeddable":true,"href":"https:\/\/schulzrentabike.com\/index.php?rest_route=\/wp\/v2\/users\/1"}],"replies":[{"embeddable":true,"href":"https:\/\/schulzrentabike.com\/index.php?rest_route=%2Fwp%2Fv2%2Fcomments&post=1389"}],"version-history":[{"count":18,"href":"https:\/\/schulzrentabike.com\/index.php?rest_route=\/wp\/v2\/pages\/1389\/revisions"}],"predecessor-version":[{"id":3056,"href":"https:\/\/schulzrentabike.com\/index.php?rest_route=\/wp\/v2\/pages\/1389\/revisions\/3056"}],"wp:attachment":[{"href":"https:\/\/schulzrentabike.com\/index.php?rest_route=%2Fwp%2Fv2%2Fmedia&parent=1389"}],"curies":[{"name":"wp","href":"https:\/\/api.w.org\/{rel}","templated":true}]}}