{"id":1378,"date":"2017-03-27T18:52:51","date_gmt":"2017-03-27T18:52:51","guid":{"rendered":"https:\/\/schulzrentabike.com\/?page_id=1378"},"modified":"2025-06-30T16:28:34","modified_gmt":"2025-06-30T16:28:34","slug":"vespa-gts-super-125","status":"publish","type":"page","link":"https:\/\/schulzrentabike.com\/?page_id=1378","title":{"rendered":"Vespa GTS Super 125"},"content":{"rendered":"<p><img loading=\"lazy\" decoding=\"async\" class=\"wp-image-1382 size-full alignnone\" src=\"https:\/\/schulzrentabike.com\/wp-content\/uploads\/2017\/03\/Vespa-logo.jpg\" alt=\"Ren a Vespa \" width=\"180\" height=\"81\" \/><\/p>\n<p><a title=\"Scooters\" href=\"https:\/\/schulzrentabike.com\/?page_id=291\"><img loading=\"lazy\" decoding=\"async\" class=\"size-full wp-image-217 alignnone\" src=\"https:\/\/schulzrentabike.com\/wp-content\/uploads\/2014\/10\/menue.png\" alt=\"menue\" width=\"108\" height=\"50\" \/><\/a><\/p>\n\n\t\t<div id='gallery-3' class='gallery galleryid-1378 gallery-columns-4 gallery-size-130 gallery1'><script type=\"text\/javascript\">\r\n\/\/ <![CDATA[\r\n\tjQuery(document).ready(function () {\r\n\t\tjQuery(\".gallery1 a\").attr(\"rel\",\"gallery1\");\t\r\n\t\tjQuery('a[rel=\"gallery1\"]').colorbox({maxWidth:\"95%\", maxHeight:\"95%\",title: function(){ return jQuery(this).children().attr(\"alt\"); }, });\r\n\t});\r\n\/\/ ]]>\r\n<\/script>\n<dl class=\"gallery-item\">\n<dt class=\"gallery-icon\">\r\n<a href=\"https:\/\/schulzrentabike.com\/wp-content\/uploads\/2017\/03\/Vespa-GTS-125.jpg\" title=\"\" rel=\"gallery1\"><img loading=\"lazy\" decoding=\"async\" src=\"https:\/\/schulzrentabike.com\/wp-content\/uploads\/2017\/03\/Vespa-GTS-125.jpg\" width=\"700\" height=\"550\" alt=\"\" \/><\/a>\r\n<\/dt><\/dl><dl class=\"gallery-item\">\n<dt class=\"gallery-icon\">\r\n<a href=\"https:\/\/schulzrentabike.com\/wp-content\/uploads\/2017\/03\/Vespa-GTS-125-2.jpg\" title=\"\" rel=\"gallery1\"><img loading=\"lazy\" decoding=\"async\" src=\"https:\/\/schulzrentabike.com\/wp-content\/uploads\/2017\/03\/Vespa-GTS-125-2.jpg\" width=\"700\" height=\"550\" alt=\"\" \/><\/a>\r\n<\/dt><\/dl><dl class=\"gallery-item\">\n<dt class=\"gallery-icon\">\r\n<a href=\"https:\/\/schulzrentabike.com\/wp-content\/uploads\/2017\/03\/logo-Vespa-GTS-125.jpg\" title=\"\" rel=\"gallery1\"><img loading=\"lazy\" decoding=\"async\" src=\"https:\/\/schulzrentabike.com\/wp-content\/uploads\/2017\/03\/logo-Vespa-GTS-125.jpg\" width=\"700\" height=\"550\" alt=\"\" \/><\/a>\r\n<\/dt><\/dl>\r\n\t\t\t<br style='clear: both' \/>\r\n\t\t<\/div>\n\n<p><span style=\"color: #303030;\">Vespa exprime en su alma m\u00e1s din\u00e1mica con la GTS Super. Un veh\u00edculo en<br \/>\nel que el dise\u00f1o Vespa se ha mejorado con detalles deportivos.<\/span><\/p>\n<table border=\"0\" width=\"475\" cellspacing=\"0\" cellpadding=\"0\" align=\"left\">\n<tbody>\n<tr>\n<td bgcolor=\"#eae9e9\"><span style=\"color: #000;\"><strong>1 d\u00eda<\/strong><\/span><\/td>\n<td bgcolor=\"#eae9e9\"><span style=\"color: #000;\"><strong>3 d\u00edas<\/strong><\/span><\/td>\n<td bgcolor=\"#eae9e9\"><span style=\"color: #000;\"><strong>7 d\u00edas<\/strong><\/span><\/td>\n<\/tr>\n<tr>\n<td bgcolor=\"#e54c34\"><span style=\"color: #fff;\"><strong>30\u20ac<\/strong><\/span><\/td>\n<td bgcolor=\"#e54c34\"><span style=\"color: #fff;\"><strong>84\u20ac<\/strong><\/span><\/td>\n<td bgcolor=\"#e54c34\"><span style=\"color: #fff;\"><strong>175\u20ac<\/strong><\/span><\/td>\n<\/tr>\n<\/tbody>\n<\/table>\n<table style=\"width: 475px;\" border=\"0\" cellspacing=\"0\" cellpadding=\"0\">\n<tbody>\n<tr>\n<td style=\"width: 249.85px;\" bgcolor=\"#eae9e9\"><strong>Consumo<\/strong><\/td>\n<td style=\"width: 218.15px;\" bgcolor=\"#eae9e9\">4,3 l\/100 km<\/td>\n<\/tr>\n<tr>\n<td style=\"width: 249.85px;\" bgcolor=\"#ffffff\"><strong>Autonom\u00eda<\/strong><\/td>\n<td style=\"width: 218.15px;\" bgcolor=\"#ffffff\">230 km<\/td>\n<\/tr>\n<tr>\n<td style=\"width: 249.85px;\" bgcolor=\"#eae9e9\"><strong>Peso total lleno<\/strong><\/td>\n<td style=\"width: 218.15px;\" bgcolor=\"#eae9e9\">160 Kg<\/td>\n<\/tr>\n<tr>\n<td style=\"width: 249.85px;\" bgcolor=\"#ffffff\"><strong>Potencia M\u00e1xima<\/strong><\/td>\n<td style=\"width: 218.15px;\" bgcolor=\"#ffffff\">12,2 CV a 9.750 rpm<\/td>\n<\/tr>\n<tr>\n<td style=\"width: 249.85px;\" bgcolor=\"#eae9e9\"><strong>Dep\u00f3sito<\/strong><\/td>\n<td style=\"width: 218.15px;\" bgcolor=\"#eae9e9\">8 l.<\/td>\n<\/tr>\n<\/tbody>\n<\/table>\n<p><\/p>","protected":false},"excerpt":{"rendered":"<p>Vespa exprime en su alma m\u00e1s din\u00e1mica con la GTS Super. Un veh\u00edculo en el que el dise\u00f1o Vespa se ha mejorado con detalles deportivos. 1 d\u00eda 3 d\u00edas 7 d\u00edas 30\u20ac 84\u20ac 175\u20ac Consumo 4,3 l\/100 km Autonom\u00eda 230<\/p>\n","protected":false},"author":1,"featured_media":0,"parent":291,"menu_order":0,"comment_status":"closed","ping_status":"closed","template":"","meta":{"footnotes":""},"class_list":["post-1378","page","type-page","status-publish","hentry"],"_links":{"self":[{"href":"https:\/\/schulzrentabike.com\/index.php?rest_route=\/wp\/v2\/pages\/1378","targetHints":{"allow":["GET"]}}],"collection":[{"href":"https:\/\/schulzrentabike.com\/index.php?rest_route=\/wp\/v2\/pages"}],"about":[{"href":"https:\/\/schulzrentabike.com\/index.php?rest_route=\/wp\/v2\/types\/page"}],"author":[{"embeddable":true,"href":"https:\/\/schulzrentabike.com\/index.php?rest_route=\/wp\/v2\/users\/1"}],"replies":[{"embeddable":true,"href":"https:\/\/schulzrentabike.com\/index.php?rest_route=%2Fwp%2Fv2%2Fcomments&post=1378"}],"version-history":[{"count":24,"href":"https:\/\/schulzrentabike.com\/index.php?rest_route=\/wp\/v2\/pages\/1378\/revisions"}],"predecessor-version":[{"id":3062,"href":"https:\/\/schulzrentabike.com\/index.php?rest_route=\/wp\/v2\/pages\/1378\/revisions\/3062"}],"up":[{"embeddable":true,"href":"https:\/\/schulzrentabike.com\/index.php?rest_route=\/wp\/v2\/pages\/291"}],"wp:attachment":[{"href":"https:\/\/schulzrentabike.com\/index.php?rest_route=%2Fwp%2Fv2%2Fmedia&parent=1378"}],"curies":[{"name":"wp","href":"https:\/\/api.w.org\/{rel}","templated":true}]}}