{"id":1253,"date":"2016-05-11T20:03:35","date_gmt":"2016-05-11T20:03:35","guid":{"rendered":"https:\/\/schulzrentabike.com\/?page_id=1253"},"modified":"2025-06-23T19:07:36","modified_gmt":"2025-06-23T19:07:36","slug":"piaggio-medley-125","status":"publish","type":"page","link":"https:\/\/schulzrentabike.com\/?page_id=1253","title":{"rendered":"Piaggio Medley 125"},"content":{"rendered":"<p><img loading=\"lazy\" decoding=\"async\" class=\" size-medium wp-image-855 alignnone\" src=\"https:\/\/schulzrentabike.com\/wp-content\/uploads\/2014\/10\/piaggio-logo.jpg\" alt=\"piaggio-logo\" width=\"180\" height=\"68\" \/><\/p>\n<p><a title=\"Scooters\" href=\"https:\/\/schulzrentabike.com\/?page_id=291\"><img loading=\"lazy\" decoding=\"async\" class=\"size-full wp-image-217 alignnone\" src=\"https:\/\/schulzrentabike.com\/wp-content\/uploads\/2014\/10\/menue.png\" alt=\"menue\" width=\"108\" height=\"50\" \/><\/a><\/p>\n\n\t\t<div id='gallery-3' class='gallery galleryid-1253 gallery-columns-4 gallery-size-130 gallery1'><script type=\"text\/javascript\">\r\n\/\/ <![CDATA[\r\n\tjQuery(document).ready(function () {\r\n\t\tjQuery(\".gallery1 a\").attr(\"rel\",\"gallery1\");\t\r\n\t\tjQuery('a[rel=\"gallery1\"]').colorbox({maxWidth:\"95%\", maxHeight:\"95%\",title: function(){ return jQuery(this).children().attr(\"alt\"); }, });\r\n\t});\r\n\/\/ ]]>\r\n<\/script>\n<dl class=\"gallery-item\">\n<dt class=\"gallery-icon\">\r\n<a href=\"https:\/\/schulzrentabike.com\/wp-content\/uploads\/2020\/03\/medley-125.jpg\" title=\"\" rel=\"gallery1\"><img loading=\"lazy\" decoding=\"async\" src=\"https:\/\/schulzrentabike.com\/wp-content\/uploads\/2020\/03\/medley-125.jpg\" width=\"1600\" height=\"1067\" alt=\"\" \/><\/a>\r\n<\/dt><\/dl><dl class=\"gallery-item\">\n<dt class=\"gallery-icon\">\r\n<a href=\"https:\/\/schulzrentabike.com\/wp-content\/uploads\/2020\/03\/medley-125-1.jpg\" title=\"\" rel=\"gallery1\"><img loading=\"lazy\" decoding=\"async\" src=\"https:\/\/schulzrentabike.com\/wp-content\/uploads\/2020\/03\/medley-125-1.jpg\" width=\"512\" height=\"341\" alt=\"\" \/><\/a>\r\n<\/dt><\/dl><dl class=\"gallery-item\">\n<dt class=\"gallery-icon\">\r\n<a href=\"https:\/\/schulzrentabike.com\/wp-content\/uploads\/2020\/03\/medley-125-2.jpg\" title=\"\" rel=\"gallery1\"><img loading=\"lazy\" decoding=\"async\" src=\"https:\/\/schulzrentabike.com\/wp-content\/uploads\/2020\/03\/medley-125-2.jpg\" width=\"1200\" height=\"800\" alt=\"\" \/><\/a>\r\n<\/dt><\/dl>\r\n\t\t\t<br style='clear: both' \/>\r\n\t\t<\/div>\n\n<p><span style=\"color: #303030;\">El Piaggio Medley es el nuevo scooter f\u00e1cil, rico y tecnol\u00f3gicamente avanzado que combina los beneficios de un \u201crueda alta\u201d con la<br \/>\ncomodidad y la riqueza de equipamiento de un scooter de mayor categor\u00eda.<\/span><\/p>\n<table border=\"0\" width=\"475\" cellspacing=\"0\" cellpadding=\"0\" align=\"left\">\n<tbody>\n<tr>\n<td bgcolor=\"#eae9e9\"><span style=\"color: #000;\"><strong>1 d\u00eda<\/strong><\/span><\/td>\n<td bgcolor=\"#eae9e9\"><span style=\"color: #000;\"><strong>3 d\u00edas<\/strong><\/span><\/td>\n<td bgcolor=\"#eae9e9\"><span style=\"color: #000;\"><strong>7 d\u00edas<\/strong><\/span><\/td>\n<\/tr>\n<tr>\n<td bgcolor=\"#e54c34\"><span style=\"color: #ffffff;\"><b>30\u20ac<\/b><\/span><\/td>\n<td bgcolor=\"#e54c34\"><span style=\"color: #fff;\"><strong>84\u20ac<\/strong><\/span><\/td>\n<td bgcolor=\"#e54c34\"><span style=\"color: #fff;\"><strong>175\u20ac<\/strong><\/span><\/td>\n<\/tr>\n<\/tbody>\n<\/table>\n<table border=\"0\" width=\"475\" cellspacing=\"0\" cellpadding=\"0\">\n<tbody>\n<tr>\n<td bgcolor=\"#eae9e9\" width=\"162\"><strong>Consumo<\/strong><\/td>\n<td bgcolor=\"#eae9e9\" width=\"142\">2,1 l\/100 km<\/td>\n<\/tr>\n<tr>\n<td bgcolor=\"#ffffff\" width=\"162\"><strong>Autonom\u00eda<\/strong><\/td>\n<td bgcolor=\"#ffffff\" width=\"142\">300 km<\/td>\n<\/tr>\n<tr>\n<td bgcolor=\"#eae9e9\" width=\"162\"><strong>Peso total lleno<\/strong><\/td>\n<td bgcolor=\"#eae9e9\" width=\"142\">135 kg<\/td>\n<\/tr>\n<tr>\n<td bgcolor=\"#ffffff\" width=\"162\"><strong>Potencia M\u00e1xima<\/strong><\/td>\n<td bgcolor=\"#ffffff\" width=\"142\">15 CV<\/td>\n<\/tr>\n<tr>\n<td bgcolor=\"#eae9e9\" width=\"162\"><strong>Dep\u00f3sito<\/strong><\/td>\n<td bgcolor=\"#eae9e9\" width=\"142\">7 l.<\/td>\n<\/tr>\n<\/tbody>\n<\/table>\n<p>&nbsp;<\/p>","protected":false},"excerpt":{"rendered":"<p>El Piaggio Medley es el nuevo scooter f\u00e1cil, rico y tecnol\u00f3gicamente avanzado que combina los beneficios de un \u201crueda alta\u201d con la comodidad y la riqueza de equipamiento de un scooter de mayor categor\u00eda. 1 d\u00eda 3 d\u00edas 7 d\u00edas<\/p>\n","protected":false},"author":1,"featured_media":0,"parent":291,"menu_order":0,"comment_status":"closed","ping_status":"closed","template":"","meta":{"footnotes":""},"class_list":["post-1253","page","type-page","status-publish","hentry"],"_links":{"self":[{"href":"https:\/\/schulzrentabike.com\/index.php?rest_route=\/wp\/v2\/pages\/1253","targetHints":{"allow":["GET"]}}],"collection":[{"href":"https:\/\/schulzrentabike.com\/index.php?rest_route=\/wp\/v2\/pages"}],"about":[{"href":"https:\/\/schulzrentabike.com\/index.php?rest_route=\/wp\/v2\/types\/page"}],"author":[{"embeddable":true,"href":"https:\/\/schulzrentabike.com\/index.php?rest_route=\/wp\/v2\/users\/1"}],"replies":[{"embeddable":true,"href":"https:\/\/schulzrentabike.com\/index.php?rest_route=%2Fwp%2Fv2%2Fcomments&post=1253"}],"version-history":[{"count":32,"href":"https:\/\/schulzrentabike.com\/index.php?rest_route=\/wp\/v2\/pages\/1253\/revisions"}],"predecessor-version":[{"id":2821,"href":"https:\/\/schulzrentabike.com\/index.php?rest_route=\/wp\/v2\/pages\/1253\/revisions\/2821"}],"up":[{"embeddable":true,"href":"https:\/\/schulzrentabike.com\/index.php?rest_route=\/wp\/v2\/pages\/291"}],"wp:attachment":[{"href":"https:\/\/schulzrentabike.com\/index.php?rest_route=%2Fwp%2Fv2%2Fmedia&parent=1253"}],"curies":[{"name":"wp","href":"https:\/\/api.w.org\/{rel}","templated":true}]}}