{"id":1191,"date":"2016-04-19T12:24:44","date_gmt":"2016-04-19T12:24:44","guid":{"rendered":"https:\/\/schulzrentabike.com\/?page_id=1191"},"modified":"2018-08-20T17:43:19","modified_gmt":"2018-08-20T17:43:19","slug":"novedades-2016","status":"publish","type":"page","link":"https:\/\/schulzrentabike.com\/?page_id=1191","title":{"rendered":"Novedades 2016"},"content":{"rendered":"<p><\/p>\n<h2><img loading=\"lazy\" decoding=\"async\" class=\" size-full wp-image-729 alignnone\" src=\"https:\/\/schulzrentabike.com\/wp-content\/uploads\/2015\/03\/eicmalogo-nodates.png\" alt=\"eicmalogo-nodates\" width=\"389\" height=\"79\" \/><\/h2>\n<h2>NOVEDADES 2016<\/h2>\n<p>Las primeras y la \u00fanicas en la zona de Levante. Presentadas el 18 de Noviembre del 2015, en el<br \/>\nsal\u00f3n de motos m\u00e1s grande del mundo, EICMA.<\/p>\n<table style=\"height: 152px;\" width=\"699\">\n<tbody>\n<tr>\n<td>\n<h3><img loading=\"lazy\" decoding=\"async\" class=\"size-medium wp-image-1193 alignleft\" src=\"https:\/\/schulzrentabike.com\/wp-content\/uploads\/2016\/04\/moto-guzzi-500x375.jpg\" alt=\"Moto Guzzi Schulz Rent a Bike\" width=\"500\" height=\"375\" srcset=\"https:\/\/schulzrentabike.com\/wp-content\/uploads\/2016\/04\/moto-guzzi-500x375.jpg 500w, https:\/\/schulzrentabike.com\/wp-content\/uploads\/2016\/04\/moto-guzzi.jpg 563w\" sizes=\"auto, (max-width: 500px) 100vw, 500px\" \/><\/h3>\n<\/td>\n<td style=\"text-align: center; vertical-align: middle;\">\n<h3>Moto Guzzi V7 II RACER<\/h3>\n<p>Edici\u00f3n limitada Guzzi. Solo 1000 unidades.<br \/>\nR\u00e9plica del campe\u00f3n del mundo 250 Enrico<br \/>\nLorenzetti<span style=\"color: #ff0000;\"><br \/>\n<strong>NO PODR\u00c1S RESISTIRTE.<\/strong><\/span><\/td>\n<\/tr>\n<tr>\n<td>\n<h3><img loading=\"lazy\" decoding=\"async\" class=\"aligncenter size-medium wp-image-1196\" src=\"https:\/\/schulzrentabike.com\/wp-content\/uploads\/2016\/04\/suzuki-v-strom-500x333.jpg\" alt=\"Suzuki V Strom Schulz Rent a Bike\" width=\"500\" height=\"333\" srcset=\"https:\/\/schulzrentabike.com\/wp-content\/uploads\/2016\/04\/suzuki-v-strom-500x333.jpg 500w, https:\/\/schulzrentabike.com\/wp-content\/uploads\/2016\/04\/suzuki-v-strom.jpg 596w\" sizes=\"auto, (max-width: 500px) 100vw, 500px\" \/><\/h3>\n<\/td>\n<td style=\"text-align: center; vertical-align: middle;\">\n<h3>Suzuki V-Strom 650XT<\/h3>\n<p><span style=\"color: #ff0000;\"><span style=\"color: #000000;\">En la Tierra, la carretera nunca se acaba. Del<br \/>\nasfalto a la pista. De la costa a la monta\u00f1a. De<br \/>\nla calle a la autopista.<\/span>\u00a0<strong>NO HAY LIMITES!<\/strong><\/span><\/td>\n<\/tr>\n<tr>\n<td>\n<h3><img loading=\"lazy\" decoding=\"async\" class=\"aligncenter size-medium wp-image-1197\" src=\"https:\/\/schulzrentabike.com\/wp-content\/uploads\/2016\/04\/suzuki-intruder-500x375.jpg\" alt=\"Suzuki Intruder Schulz Rent a Bike\" width=\"500\" height=\"375\" srcset=\"https:\/\/schulzrentabike.com\/wp-content\/uploads\/2016\/04\/suzuki-intruder-500x375.jpg 500w, https:\/\/schulzrentabike.com\/wp-content\/uploads\/2016\/04\/suzuki-intruder.jpg 596w\" sizes=\"auto, (max-width: 500px) 100vw, 500px\" \/><\/h3>\n<\/td>\n<td style=\"text-align: center; vertical-align: middle;\">\n<h3>Suzuki Intruder M800<\/h3>\n<p>Una cruiser de altas prestaciones y avanzada e<br \/>\nimpactante imagen, de l\u00edneas aerodin\u00e1micas y<br \/>\nbrillantes detalles. <strong><span style=\"color: #ff0000;\">MAGN\u00cdFICA PARA<br \/>\nRECORRER MALLORCA.<\/span><\/strong><\/td>\n<\/tr>\n<tr>\n<td>\n<h3><img loading=\"lazy\" decoding=\"async\" class=\"aligncenter size-medium wp-image-1198\" src=\"https:\/\/schulzrentabike.com\/wp-content\/uploads\/2016\/04\/suzuki-burgman-500x281.jpg\" alt=\"Suzuki Burgman, Roller\" width=\"500\" height=\"281\" srcset=\"https:\/\/schulzrentabike.com\/wp-content\/uploads\/2016\/04\/suzuki-burgman-500x281.jpg 500w, https:\/\/schulzrentabike.com\/wp-content\/uploads\/2016\/04\/suzuki-burgman.jpg 557w\" sizes=\"auto, (max-width: 500px) 100vw, 500px\" \/><\/h3>\n<\/td>\n<td style=\"text-align: center; vertical-align: middle;\">\n<h3>Suzuki Burgman 200<\/h3>\n<p><span style=\"color: #ff0000;\"><strong>PREMIUM MOBILITY.<\/strong><br \/>\n<\/span><\/td>\n<\/tr>\n<tr>\n<td>\n<h3><img loading=\"lazy\" decoding=\"async\" class=\"aligncenter size-medium wp-image-1199\" src=\"https:\/\/schulzrentabike.com\/wp-content\/uploads\/2016\/04\/aprilia-rsv4-500x333.jpg\" alt=\"Aprilia rsv4, Cala Ratjada, Mallorca\" width=\"500\" height=\"333\" srcset=\"https:\/\/schulzrentabike.com\/wp-content\/uploads\/2016\/04\/aprilia-rsv4-500x333.jpg 500w, https:\/\/schulzrentabike.com\/wp-content\/uploads\/2016\/04\/aprilia-rsv4.jpg 713w\" sizes=\"auto, (max-width: 500px) 100vw, 500px\" \/><\/h3>\n<\/td>\n<td style=\"text-align: center; vertical-align: middle;\">\n<h3>Aprilia RSV4 RF<\/h3>\n<p><span style=\"color: #000000;\">Fue aclamada la moto m\u00e1s bella del<br \/>\npasado sal\u00f3n Eicma de 2015, por m\u00e1s de 15.000 asistentes.<\/span><strong><span style=\"color: #ff0000;\"> VEN A PROBARLA<br \/>\n<\/span><\/strong><\/td>\n<\/tr>\n<tr>\n<td>\n<h3><img loading=\"lazy\" decoding=\"async\" class=\"aligncenter size-medium wp-image-1200\" src=\"https:\/\/schulzrentabike.com\/wp-content\/uploads\/2016\/04\/aprilia-rsv4-125ccm-500x315.jpg\" alt=\"Aprilia rsv4 125ccm\" width=\"500\" height=\"315\" srcset=\"https:\/\/schulzrentabike.com\/wp-content\/uploads\/2016\/04\/aprilia-rsv4-125ccm-500x315.jpg 500w, https:\/\/schulzrentabike.com\/wp-content\/uploads\/2016\/04\/aprilia-rsv4-125ccm-768x483.jpg 768w, https:\/\/schulzrentabike.com\/wp-content\/uploads\/2016\/04\/aprilia-rsv4-125ccm-794x500.jpg 794w, https:\/\/schulzrentabike.com\/wp-content\/uploads\/2016\/04\/aprilia-rsv4-125ccm.jpg 815w\" sizes=\"auto, (max-width: 500px) 100vw, 500px\" \/><\/h3>\n<\/td>\n<td style=\"text-align: center; vertical-align: middle;\">\n<h3>Aprilia RS4 125 REPLICA<\/h3>\n<p><strong><span style=\"color: #ff0000;\">HERMANA GEMELA DE LOS RSV4.<br \/>\n<\/span><\/strong><\/td>\n<\/tr>\n<\/tbody>\n<\/table>\n<p><\/p>","protected":false},"excerpt":{"rendered":"<p>NOVEDADES 2016 Las primeras y la \u00fanicas en la zona de Levante. Presentadas el 18 de Noviembre del 2015, en el sal\u00f3n de motos m\u00e1s grande del mundo, EICMA. Moto Guzzi V7 II RACER Edici\u00f3n limitada Guzzi. Solo 1000 unidades.<\/p>\n","protected":false},"author":1,"featured_media":0,"parent":1929,"menu_order":0,"comment_status":"closed","ping_status":"closed","template":"","meta":{"footnotes":""},"class_list":["post-1191","page","type-page","status-publish","hentry"],"_links":{"self":[{"href":"https:\/\/schulzrentabike.com\/index.php?rest_route=\/wp\/v2\/pages\/1191","targetHints":{"allow":["GET"]}}],"collection":[{"href":"https:\/\/schulzrentabike.com\/index.php?rest_route=\/wp\/v2\/pages"}],"about":[{"href":"https:\/\/schulzrentabike.com\/index.php?rest_route=\/wp\/v2\/types\/page"}],"author":[{"embeddable":true,"href":"https:\/\/schulzrentabike.com\/index.php?rest_route=\/wp\/v2\/users\/1"}],"replies":[{"embeddable":true,"href":"https:\/\/schulzrentabike.com\/index.php?rest_route=%2Fwp%2Fv2%2Fcomments&post=1191"}],"version-history":[{"count":6,"href":"https:\/\/schulzrentabike.com\/index.php?rest_route=\/wp\/v2\/pages\/1191\/revisions"}],"predecessor-version":[{"id":1203,"href":"https:\/\/schulzrentabike.com\/index.php?rest_route=\/wp\/v2\/pages\/1191\/revisions\/1203"}],"up":[{"embeddable":true,"href":"https:\/\/schulzrentabike.com\/index.php?rest_route=\/wp\/v2\/pages\/1929"}],"wp:attachment":[{"href":"https:\/\/schulzrentabike.com\/index.php?rest_route=%2Fwp%2Fv2%2Fmedia&parent=1191"}],"curies":[{"name":"wp","href":"https:\/\/api.w.org\/{rel}","templated":true}]}}