{"id":1065,"date":"2015-05-15T08:11:20","date_gmt":"2015-05-15T08:11:20","guid":{"rendered":"https:\/\/schulzrentabike.com\/?page_id=1065"},"modified":"2015-06-03T09:12:40","modified_gmt":"2015-06-03T09:12:40","slug":"meet-the-monkeys","status":"publish","type":"page","link":"https:\/\/schulzrentabike.com\/?page_id=1065","title":{"rendered":"Meet the Monkeys"},"content":{"rendered":"<p><\/p>\n<div id=\"monkey\"><img loading=\"lazy\" decoding=\"async\" class=\" size-full aligncenter\" src=\"https:\/\/schulzrentabike.com\/wp-content\/uploads\/2015\/05\/meet-the-monkeys.jpg\" alt=\"meet-the-monkeys\" width=\"359\" height=\"61\" \/><\/div>\n<div id=\"monkey-links\">\n<p><strong>THOMAS MICHAEL SCHULZ<\/strong><\/p>\n<p>Thomas Michael Schulz, natural de Munich, vino a Mallorca a vivir con 13 a\u00f1os por el trabajo de su padre, y con 15 a\u00f1os dej\u00f3 los estudios y se adentr\u00f3 en el mundo del motor, enfocado hacia el turismo, el alquiler de coches. All\u00ed aprendi\u00f3 todo lo necesario y m\u00e1s para convertirse en el hombre que es.<\/p>\n<p>Trabaj\u00f3 18 a\u00f1os en el mundo del alquiler de coches, Vi\u00f1as, ubicado en Cala Millor. Con el tiempo, a\u00f1o 92 se fue a Cala Ratjada, con m\u00e1s de 100 coches de toda clase. Con los a\u00f1os decidi\u00f3 dar un giro a su vida y cansado de limpiar coches y hacer hamburguesas, salchichas y patatas fritas, en el 99, decidi\u00f3 dejar su puesto de trabajo y abrir su propio negocio, un alquiler de bicicletas y motos. Empez\u00f3 con 6 motos y 63 bicis. Al principio fue un camino duro ya que las p\u00f3lizas de seguros de las motocicletas eran muy elevadas, pero \u00e9l sin rendirse consigui\u00f3 crear una gran empresa y as\u00ed ofrecer a los turistas un gran show con su trabajo de a\u00f1os de gran experiencia. Ahora Thomas Michael Schulz dispone de una flota en total de 23 motos de alta gama y 82 bicicletas.<br \/>\n\n\t\t<div id='gallery-3' class='gallery galleryid-1065 gallery-columns-4 gallery-size-130 gallery1'><script type=\"text\/javascript\">\r\n\/\/ <![CDATA[\r\n\tjQuery(document).ready(function () {\r\n\t\tjQuery(\".gallery1 a\").attr(\"rel\",\"gallery1\");\t\r\n\t\tjQuery('a[rel=\"gallery1\"]').colorbox({maxWidth:\"95%\", maxHeight:\"95%\",title: function(){ return jQuery(this).children().attr(\"alt\"); }, });\r\n\t});\r\n\/\/ ]]>\r\n<\/script>\n<dl class=\"gallery-item\">\n<dt class=\"gallery-icon\">\r\n<a href=\"https:\/\/schulzrentabike.com\/wp-content\/uploads\/2015\/05\/Thomas-de-pequen\u00deo.jpg\" title=\"\" rel=\"gallery1\"><img loading=\"lazy\" decoding=\"async\" src=\"https:\/\/schulzrentabike.com\/wp-content\/uploads\/2015\/05\/Thomas-de-pequen\u00deo.jpg\" width=\"980\" height=\"1307\" alt=\"\" \/><\/a>\r\n<\/dt><\/dl><dl class=\"gallery-item\">\n<dt class=\"gallery-icon\">\r\n<a href=\"https:\/\/schulzrentabike.com\/wp-content\/uploads\/2015\/05\/Trabajando-1984..jpg\" title=\"\" rel=\"gallery1\"><img loading=\"lazy\" decoding=\"async\" src=\"https:\/\/schulzrentabike.com\/wp-content\/uploads\/2015\/05\/Trabajando-1984..jpg\" width=\"800\" height=\"1067\" alt=\"\" \/><\/a>\r\n<\/dt><\/dl><dl class=\"gallery-item\">\n<dt class=\"gallery-icon\">\r\n<a href=\"https:\/\/schulzrentabike.com\/wp-content\/uploads\/2015\/05\/Despue\u00ecs-Ford-Fiesta.jpg\" title=\"\" rel=\"gallery1\"><img loading=\"lazy\" decoding=\"async\" src=\"https:\/\/schulzrentabike.com\/wp-content\/uploads\/2015\/05\/Despue\u00ecs-Ford-Fiesta.jpg\" width=\"980\" height=\"1089\" alt=\"\" \/><\/a>\r\n<\/dt><\/dl><dl class=\"gallery-item\">\n<dt class=\"gallery-icon\">\r\n<a href=\"https:\/\/schulzrentabike.com\/wp-content\/uploads\/2015\/05\/Trabajando-1984.jpg\" title=\"\" rel=\"gallery1\"><img loading=\"lazy\" decoding=\"async\" src=\"https:\/\/schulzrentabike.com\/wp-content\/uploads\/2015\/05\/Trabajando-1984.jpg\" width=\"1200\" height=\"900\" alt=\"\" \/><\/a>\r\n<\/dt><\/dl><br style=\"clear: both\" \/>\r\n\t\t<\/div>\n\n<\/p><\/div>\n<div id=\"monkey-rechts\">\n<p><strong>MIGUEL ANGEL SCHULZ ESTEVA <\/strong><\/p>\n<p>Miguel \u00c1ngel Schulz Esteva, natural de Mallorca naci\u00f3 en el pueblo de Art\u00e1 con una moto y una bici debajo del brazo. Para pagarse los estudios de m\u00fasica, decidi\u00f3 seguir los pasos de su padre y dejar su trabajo en el mundo de la hosteler\u00eda, y en 2013 empez\u00f3 a trabajar con su padre y en 2015 agrand\u00f3 la empresa abriendo otro alquiler de bicicletas y motos, consiguiendo as\u00ed hacer el Imperio Schulz m\u00e1s conocido en la isla de Mallorca.<\/p>\n<\/div>\n<p><\/p>","protected":false},"excerpt":{"rendered":"<p>THOMAS MICHAEL SCHULZ Thomas Michael Schulz, natural de Munich, vino a Mallorca a vivir con 13 a\u00f1os por el trabajo de su padre, y con 15 a\u00f1os dej\u00f3 los estudios y se adentr\u00f3 en el mundo del motor, enfocado hacia<\/p>\n","protected":false},"author":1,"featured_media":0,"parent":4,"menu_order":0,"comment_status":"closed","ping_status":"open","template":"","meta":{"footnotes":""},"class_list":["post-1065","page","type-page","status-publish","hentry"],"_links":{"self":[{"href":"https:\/\/schulzrentabike.com\/index.php?rest_route=\/wp\/v2\/pages\/1065","targetHints":{"allow":["GET"]}}],"collection":[{"href":"https:\/\/schulzrentabike.com\/index.php?rest_route=\/wp\/v2\/pages"}],"about":[{"href":"https:\/\/schulzrentabike.com\/index.php?rest_route=\/wp\/v2\/types\/page"}],"author":[{"embeddable":true,"href":"https:\/\/schulzrentabike.com\/index.php?rest_route=\/wp\/v2\/users\/1"}],"replies":[{"embeddable":true,"href":"https:\/\/schulzrentabike.com\/index.php?rest_route=%2Fwp%2Fv2%2Fcomments&post=1065"}],"version-history":[{"count":28,"href":"https:\/\/schulzrentabike.com\/index.php?rest_route=\/wp\/v2\/pages\/1065\/revisions"}],"predecessor-version":[{"id":1164,"href":"https:\/\/schulzrentabike.com\/index.php?rest_route=\/wp\/v2\/pages\/1065\/revisions\/1164"}],"up":[{"embeddable":true,"href":"https:\/\/schulzrentabike.com\/index.php?rest_route=\/wp\/v2\/pages\/4"}],"wp:attachment":[{"href":"https:\/\/schulzrentabike.com\/index.php?rest_route=%2Fwp%2Fv2%2Fmedia&parent=1065"}],"curies":[{"name":"wp","href":"https:\/\/api.w.org\/{rel}","templated":true}]}}